{"id":4781,"date":"2016-03-31T16:51:24","date_gmt":"2016-03-31T15:51:24","guid":{"rendered":"http:\/\/www.charvat-cts.cz\/spolecnost\/"},"modified":"2024-05-07T18:46:55","modified_gmt":"2024-05-07T17:46:55","slug":"societe","status":"publish","type":"page","link":"https:\/\/www.charvat-cts.cz\/fr\/societe\/","title":{"rendered":"Soci\u00e9t\u00e9"},"content":{"rendered":"<p>Vous trouverez ici des informations de base sur CHARV\u00c1T CTS a.s. comme l&rsquo;histoire, les actualit\u00e9s ou les postes vacants actuels.<\/p>\n<ul>\n<li><a href=\"http:\/\/www.charvat-cts.cz\/fr\/presentation\/\">Pr\u00e9sentation<\/a><\/li>\n<li><a href=\"http:\/\/www.charvat-cts.cz\/fr\/actualites\/\">Actualit\u00e9s<\/a><\/li>\n<li><a href=\"http:\/\/www.charvat-cts.cz\/fr\/certifications\/\">Certifications<\/a><\/li>\n<li><a href=\"http:\/\/www.charvat-cts.cz\/fr\/histoire\/\">Histoire<\/a><\/li>\n<\/ul>\n","protected":false},"excerpt":{"rendered":"<p>Vous trouverez ici des informations de base sur CHARV\u00c1T CTS a.s. comme l&rsquo;histoire, les actualit\u00e9s ou les postes vacants actuels. Pr\u00e9sentation Actualit\u00e9s Certifications Histoire<\/p>\n","protected":false},"author":1,"featured_media":0,"parent":0,"menu_order":0,"comment_status":"closed","ping_status":"closed","template":"","meta":{"_acf_changed":false,"footnotes":""},"class_list":["post-4781","page","type-page","status-publish","hentry"],"acf":[],"yoast_head":"<!-- This site is optimized with the Yoast SEO plugin v27.4 - https:\/\/yoast.com\/product\/yoast-seo-wordpress\/ -->\n<title>Soci\u00e9t\u00e9 - CHARV\u00c1T CTS a.s.<\/title>\n<meta name=\"robots\" content=\"index, follow, max-snippet:-1, max-image-preview:large, max-video-preview:-1\" \/>\n<link rel=\"canonical\" href=\"https:\/\/www.charvat-cts.cz\/fr\/societe\/\" \/>\n<meta property=\"og:locale\" content=\"fr_FR\" \/>\n<meta property=\"og:type\" content=\"article\" \/>\n<meta property=\"og:title\" content=\"Soci\u00e9t\u00e9 - CHARV\u00c1T CTS a.s.\" \/>\n<meta property=\"og:description\" content=\"Vous trouverez ici des informations de base sur CHARV\u00c1T CTS a.s. comme l&rsquo;histoire, les actualit\u00e9s ou les postes vacants actuels. Pr\u00e9sentation Actualit\u00e9s Certifications Histoire\" \/>\n<meta property=\"og:url\" content=\"https:\/\/www.charvat-cts.cz\/fr\/societe\/\" \/>\n<meta property=\"og:site_name\" content=\"CHARV\u00c1T CTS a.s.\" \/>\n<meta property=\"article:modified_time\" content=\"2024-05-07T17:46:55+00:00\" \/>\n<meta name=\"twitter:card\" content=\"summary_large_image\" \/>\n<meta name=\"twitter:label1\" content=\"Dur\u00e9e de lecture estim\u00e9e\" \/>\n\t<meta name=\"twitter:data1\" content=\"1 minute\" \/>\n<script type=\"application\/ld+json\" class=\"yoast-schema-graph\">{\"@context\":\"https:\\\/\\\/schema.org\",\"@graph\":[{\"@type\":\"WebPage\",\"@id\":\"https:\\\/\\\/www.charvat-cts.cz\\\/fr\\\/societe\\\/\",\"url\":\"https:\\\/\\\/www.charvat-cts.cz\\\/fr\\\/societe\\\/\",\"name\":\"Soci\u00e9t\u00e9 - CHARV\u00c1T CTS a.s.\",\"isPartOf\":{\"@id\":\"https:\\\/\\\/www.charvat-cts.cz\\\/#website\"},\"datePublished\":\"2016-03-31T15:51:24+00:00\",\"dateModified\":\"2024-05-07T17:46:55+00:00\",\"breadcrumb\":{\"@id\":\"https:\\\/\\\/www.charvat-cts.cz\\\/fr\\\/societe\\\/#breadcrumb\"},\"inLanguage\":\"fr-FR\",\"potentialAction\":[{\"@type\":\"ReadAction\",\"target\":[\"https:\\\/\\\/www.charvat-cts.cz\\\/fr\\\/societe\\\/\"]}]},{\"@type\":\"BreadcrumbList\",\"@id\":\"https:\\\/\\\/www.charvat-cts.cz\\\/fr\\\/societe\\\/#breadcrumb\",\"itemListElement\":[{\"@type\":\"ListItem\",\"position\":1,\"name\":\"\u00davod\",\"item\":\"https:\\\/\\\/www.charvat-cts.cz\\\/fr\\\/\"},{\"@type\":\"ListItem\",\"position\":2,\"name\":\"Soci\u00e9t\u00e9\"}]},{\"@type\":\"WebSite\",\"@id\":\"https:\\\/\\\/www.charvat-cts.cz\\\/#website\",\"url\":\"https:\\\/\\\/www.charvat-cts.cz\\\/\",\"name\":\"CHARV\u00c1T CTS a.s.\",\"description\":\"Nosi\u010de kontejner\u016f, traktorov\u00e9 n\u00e1v\u011bsy, kontejnery, nakl\u00e1dac\u00ed je\u0159\u00e1by\",\"potentialAction\":[{\"@type\":\"SearchAction\",\"target\":{\"@type\":\"EntryPoint\",\"urlTemplate\":\"https:\\\/\\\/www.charvat-cts.cz\\\/?s={search_term_string}\"},\"query-input\":{\"@type\":\"PropertyValueSpecification\",\"valueRequired\":true,\"valueName\":\"search_term_string\"}}],\"inLanguage\":\"fr-FR\"}]}<\/script>\n<!-- \/ Yoast SEO plugin. -->","yoast_head_json":{"title":"Soci\u00e9t\u00e9 - CHARV\u00c1T CTS a.s.","robots":{"index":"index","follow":"follow","max-snippet":"max-snippet:-1","max-image-preview":"max-image-preview:large","max-video-preview":"max-video-preview:-1"},"canonical":"https:\/\/www.charvat-cts.cz\/fr\/societe\/","og_locale":"fr_FR","og_type":"article","og_title":"Soci\u00e9t\u00e9 - CHARV\u00c1T CTS a.s.","og_description":"Vous trouverez ici des informations de base sur CHARV\u00c1T CTS a.s. comme l&rsquo;histoire, les actualit\u00e9s ou les postes vacants actuels. Pr\u00e9sentation Actualit\u00e9s Certifications Histoire","og_url":"https:\/\/www.charvat-cts.cz\/fr\/societe\/","og_site_name":"CHARV\u00c1T CTS a.s.","article_modified_time":"2024-05-07T17:46:55+00:00","twitter_card":"summary_large_image","twitter_misc":{"Dur\u00e9e de lecture estim\u00e9e":"1 minute"},"schema":{"@context":"https:\/\/schema.org","@graph":[{"@type":"WebPage","@id":"https:\/\/www.charvat-cts.cz\/fr\/societe\/","url":"https:\/\/www.charvat-cts.cz\/fr\/societe\/","name":"Soci\u00e9t\u00e9 - CHARV\u00c1T CTS a.s.","isPartOf":{"@id":"https:\/\/www.charvat-cts.cz\/#website"},"datePublished":"2016-03-31T15:51:24+00:00","dateModified":"2024-05-07T17:46:55+00:00","breadcrumb":{"@id":"https:\/\/www.charvat-cts.cz\/fr\/societe\/#breadcrumb"},"inLanguage":"fr-FR","potentialAction":[{"@type":"ReadAction","target":["https:\/\/www.charvat-cts.cz\/fr\/societe\/"]}]},{"@type":"BreadcrumbList","@id":"https:\/\/www.charvat-cts.cz\/fr\/societe\/#breadcrumb","itemListElement":[{"@type":"ListItem","position":1,"name":"\u00davod","item":"https:\/\/www.charvat-cts.cz\/fr\/"},{"@type":"ListItem","position":2,"name":"Soci\u00e9t\u00e9"}]},{"@type":"WebSite","@id":"https:\/\/www.charvat-cts.cz\/#website","url":"https:\/\/www.charvat-cts.cz\/","name":"CHARV\u00c1T CTS a.s.","description":"Nosi\u010de kontejner\u016f, traktorov\u00e9 n\u00e1v\u011bsy, kontejnery, nakl\u00e1dac\u00ed je\u0159\u00e1by","potentialAction":[{"@type":"SearchAction","target":{"@type":"EntryPoint","urlTemplate":"https:\/\/www.charvat-cts.cz\/?s={search_term_string}"},"query-input":{"@type":"PropertyValueSpecification","valueRequired":true,"valueName":"search_term_string"}}],"inLanguage":"fr-FR"}]}},"_links":{"self":[{"href":"https:\/\/www.charvat-cts.cz\/fr\/wp-json\/wp\/v2\/pages\/4781","targetHints":{"allow":["GET"]}}],"collection":[{"href":"https:\/\/www.charvat-cts.cz\/fr\/wp-json\/wp\/v2\/pages"}],"about":[{"href":"https:\/\/www.charvat-cts.cz\/fr\/wp-json\/wp\/v2\/types\/page"}],"author":[{"embeddable":true,"href":"https:\/\/www.charvat-cts.cz\/fr\/wp-json\/wp\/v2\/users\/1"}],"replies":[{"embeddable":true,"href":"https:\/\/www.charvat-cts.cz\/fr\/wp-json\/wp\/v2\/comments?post=4781"}],"version-history":[{"count":4,"href":"https:\/\/www.charvat-cts.cz\/fr\/wp-json\/wp\/v2\/pages\/4781\/revisions"}],"predecessor-version":[{"id":6639,"href":"https:\/\/www.charvat-cts.cz\/fr\/wp-json\/wp\/v2\/pages\/4781\/revisions\/6639"}],"wp:attachment":[{"href":"https:\/\/www.charvat-cts.cz\/fr\/wp-json\/wp\/v2\/media?parent=4781"}],"curies":[{"name":"wp","href":"https:\/\/api.w.org\/{rel}","templated":true}]}}