{"id":4779,"date":"2016-03-31T16:51:14","date_gmt":"2016-03-31T15:51:14","guid":{"rendered":"http:\/\/www.charvat-cts.cz\/servis\/"},"modified":"2024-05-07T18:46:07","modified_gmt":"2024-05-07T17:46:07","slug":"service","status":"publish","type":"page","link":"https:\/\/www.charvat-cts.cz\/fr\/service\/","title":{"rendered":"Service"},"content":{"rendered":"<p><img loading=\"lazy\" decoding=\"async\" class=\"size-medium wp-image-2110 alignright\" src=\"http:\/\/www.charvat-cts.cz\/wp-content\/uploads\/SERVIS_01-300x199.jpg\" alt=\"SERVIS_01\" width=\"300\" height=\"199\" srcset=\"https:\/\/www.charvat-cts.cz\/wp-content\/uploads\/SERVIS_01-300x199.jpg 300w, https:\/\/www.charvat-cts.cz\/wp-content\/uploads\/SERVIS_01.jpg 709w\" sizes=\"auto, (max-width: 300px) 100vw, 300px\" \/><\/p>\n<p>Nous fournissons un service apr\u00e8s-vente et des pi\u00e8ces de rechange pour les bras de levage ou bras multibennes, les camions et les v\u00e9hicules utilitaires. Avec notre \u00e9quipe d&rsquo;experts, nous garantissons la qualit\u00e9, la fiabilit\u00e9 et la rapidit\u00e9 de tous les services dont vous avez besoin pour un fonctionnement optimal.<\/p>\n<ul>\n<li><a href=\"http:\/\/www.charvat-cts.cz\/fr\/documentation\/\">Documentation<\/a><\/li>\n<\/ul>\n","protected":false},"excerpt":{"rendered":"<p>Nous fournissons un service apr\u00e8s-vente et des pi\u00e8ces de rechange pour les bras de levage ou bras multibennes, les camions et les v\u00e9hicules utilitaires. Avec notre \u00e9quipe d&rsquo;experts, nous garantissons la qualit\u00e9, la fiabilit\u00e9 et la rapidit\u00e9 de tous les services dont vous avez besoin pour un fonctionnement optimal. Documentation<\/p>\n","protected":false},"author":1,"featured_media":0,"parent":0,"menu_order":0,"comment_status":"closed","ping_status":"closed","template":"","meta":{"_acf_changed":false,"footnotes":""},"class_list":["post-4779","page","type-page","status-publish","hentry"],"acf":[],"yoast_head":"<!-- This site is optimized with the Yoast SEO plugin v27.4 - https:\/\/yoast.com\/product\/yoast-seo-wordpress\/ -->\n<title>Service - CHARV\u00c1T CTS a.s.<\/title>\n<meta name=\"robots\" content=\"index, follow, max-snippet:-1, max-image-preview:large, max-video-preview:-1\" \/>\n<link rel=\"canonical\" href=\"https:\/\/www.charvat-cts.cz\/fr\/service\/\" \/>\n<meta property=\"og:locale\" content=\"fr_FR\" \/>\n<meta property=\"og:type\" content=\"article\" \/>\n<meta property=\"og:title\" content=\"Service - CHARV\u00c1T CTS a.s.\" \/>\n<meta property=\"og:description\" content=\"Nous fournissons un service apr\u00e8s-vente et des pi\u00e8ces de rechange pour les bras de levage ou bras multibennes, les camions et les v\u00e9hicules utilitaires. Avec notre \u00e9quipe d&rsquo;experts, nous garantissons la qualit\u00e9, la fiabilit\u00e9 et la rapidit\u00e9 de tous les services dont vous avez besoin pour un fonctionnement optimal. Documentation\" \/>\n<meta property=\"og:url\" content=\"https:\/\/www.charvat-cts.cz\/fr\/service\/\" \/>\n<meta property=\"og:site_name\" content=\"CHARV\u00c1T CTS a.s.\" \/>\n<meta property=\"article:modified_time\" content=\"2024-05-07T17:46:07+00:00\" \/>\n<meta property=\"og:image\" content=\"http:\/\/www.charvat-cts.cz\/wp-content\/uploads\/SERVIS_01-300x199.jpg\" \/>\n<meta name=\"twitter:card\" content=\"summary_large_image\" \/>\n<meta name=\"twitter:label1\" content=\"Dur\u00e9e de lecture estim\u00e9e\" \/>\n\t<meta name=\"twitter:data1\" content=\"1 minute\" \/>\n<script type=\"application\/ld+json\" class=\"yoast-schema-graph\">{\"@context\":\"https:\\\/\\\/schema.org\",\"@graph\":[{\"@type\":\"WebPage\",\"@id\":\"https:\\\/\\\/www.charvat-cts.cz\\\/fr\\\/service\\\/\",\"url\":\"https:\\\/\\\/www.charvat-cts.cz\\\/fr\\\/service\\\/\",\"name\":\"Service - CHARV\u00c1T CTS a.s.\",\"isPartOf\":{\"@id\":\"https:\\\/\\\/www.charvat-cts.cz\\\/#website\"},\"primaryImageOfPage\":{\"@id\":\"https:\\\/\\\/www.charvat-cts.cz\\\/fr\\\/service\\\/#primaryimage\"},\"image\":{\"@id\":\"https:\\\/\\\/www.charvat-cts.cz\\\/fr\\\/service\\\/#primaryimage\"},\"thumbnailUrl\":\"http:\\\/\\\/www.charvat-cts.cz\\\/wp-content\\\/uploads\\\/SERVIS_01-300x199.jpg\",\"datePublished\":\"2016-03-31T15:51:14+00:00\",\"dateModified\":\"2024-05-07T17:46:07+00:00\",\"breadcrumb\":{\"@id\":\"https:\\\/\\\/www.charvat-cts.cz\\\/fr\\\/service\\\/#breadcrumb\"},\"inLanguage\":\"fr-FR\",\"potentialAction\":[{\"@type\":\"ReadAction\",\"target\":[\"https:\\\/\\\/www.charvat-cts.cz\\\/fr\\\/service\\\/\"]}]},{\"@type\":\"ImageObject\",\"inLanguage\":\"fr-FR\",\"@id\":\"https:\\\/\\\/www.charvat-cts.cz\\\/fr\\\/service\\\/#primaryimage\",\"url\":\"http:\\\/\\\/www.charvat-cts.cz\\\/wp-content\\\/uploads\\\/SERVIS_01-300x199.jpg\",\"contentUrl\":\"http:\\\/\\\/www.charvat-cts.cz\\\/wp-content\\\/uploads\\\/SERVIS_01-300x199.jpg\"},{\"@type\":\"BreadcrumbList\",\"@id\":\"https:\\\/\\\/www.charvat-cts.cz\\\/fr\\\/service\\\/#breadcrumb\",\"itemListElement\":[{\"@type\":\"ListItem\",\"position\":1,\"name\":\"\u00davod\",\"item\":\"https:\\\/\\\/www.charvat-cts.cz\\\/fr\\\/\"},{\"@type\":\"ListItem\",\"position\":2,\"name\":\"Service\"}]},{\"@type\":\"WebSite\",\"@id\":\"https:\\\/\\\/www.charvat-cts.cz\\\/#website\",\"url\":\"https:\\\/\\\/www.charvat-cts.cz\\\/\",\"name\":\"CHARV\u00c1T CTS a.s.\",\"description\":\"Nosi\u010de kontejner\u016f, traktorov\u00e9 n\u00e1v\u011bsy, kontejnery, nakl\u00e1dac\u00ed je\u0159\u00e1by\",\"potentialAction\":[{\"@type\":\"SearchAction\",\"target\":{\"@type\":\"EntryPoint\",\"urlTemplate\":\"https:\\\/\\\/www.charvat-cts.cz\\\/?s={search_term_string}\"},\"query-input\":{\"@type\":\"PropertyValueSpecification\",\"valueRequired\":true,\"valueName\":\"search_term_string\"}}],\"inLanguage\":\"fr-FR\"}]}<\/script>\n<!-- \/ Yoast SEO plugin. -->","yoast_head_json":{"title":"Service - CHARV\u00c1T CTS a.s.","robots":{"index":"index","follow":"follow","max-snippet":"max-snippet:-1","max-image-preview":"max-image-preview:large","max-video-preview":"max-video-preview:-1"},"canonical":"https:\/\/www.charvat-cts.cz\/fr\/service\/","og_locale":"fr_FR","og_type":"article","og_title":"Service - CHARV\u00c1T CTS a.s.","og_description":"Nous fournissons un service apr\u00e8s-vente et des pi\u00e8ces de rechange pour les bras de levage ou bras multibennes, les camions et les v\u00e9hicules utilitaires. Avec notre \u00e9quipe d&rsquo;experts, nous garantissons la qualit\u00e9, la fiabilit\u00e9 et la rapidit\u00e9 de tous les services dont vous avez besoin pour un fonctionnement optimal. Documentation","og_url":"https:\/\/www.charvat-cts.cz\/fr\/service\/","og_site_name":"CHARV\u00c1T CTS a.s.","article_modified_time":"2024-05-07T17:46:07+00:00","og_image":[{"url":"http:\/\/www.charvat-cts.cz\/wp-content\/uploads\/SERVIS_01-300x199.jpg","type":"","width":"","height":""}],"twitter_card":"summary_large_image","twitter_misc":{"Dur\u00e9e de lecture estim\u00e9e":"1 minute"},"schema":{"@context":"https:\/\/schema.org","@graph":[{"@type":"WebPage","@id":"https:\/\/www.charvat-cts.cz\/fr\/service\/","url":"https:\/\/www.charvat-cts.cz\/fr\/service\/","name":"Service - CHARV\u00c1T CTS a.s.","isPartOf":{"@id":"https:\/\/www.charvat-cts.cz\/#website"},"primaryImageOfPage":{"@id":"https:\/\/www.charvat-cts.cz\/fr\/service\/#primaryimage"},"image":{"@id":"https:\/\/www.charvat-cts.cz\/fr\/service\/#primaryimage"},"thumbnailUrl":"http:\/\/www.charvat-cts.cz\/wp-content\/uploads\/SERVIS_01-300x199.jpg","datePublished":"2016-03-31T15:51:14+00:00","dateModified":"2024-05-07T17:46:07+00:00","breadcrumb":{"@id":"https:\/\/www.charvat-cts.cz\/fr\/service\/#breadcrumb"},"inLanguage":"fr-FR","potentialAction":[{"@type":"ReadAction","target":["https:\/\/www.charvat-cts.cz\/fr\/service\/"]}]},{"@type":"ImageObject","inLanguage":"fr-FR","@id":"https:\/\/www.charvat-cts.cz\/fr\/service\/#primaryimage","url":"http:\/\/www.charvat-cts.cz\/wp-content\/uploads\/SERVIS_01-300x199.jpg","contentUrl":"http:\/\/www.charvat-cts.cz\/wp-content\/uploads\/SERVIS_01-300x199.jpg"},{"@type":"BreadcrumbList","@id":"https:\/\/www.charvat-cts.cz\/fr\/service\/#breadcrumb","itemListElement":[{"@type":"ListItem","position":1,"name":"\u00davod","item":"https:\/\/www.charvat-cts.cz\/fr\/"},{"@type":"ListItem","position":2,"name":"Service"}]},{"@type":"WebSite","@id":"https:\/\/www.charvat-cts.cz\/#website","url":"https:\/\/www.charvat-cts.cz\/","name":"CHARV\u00c1T CTS a.s.","description":"Nosi\u010de kontejner\u016f, traktorov\u00e9 n\u00e1v\u011bsy, kontejnery, nakl\u00e1dac\u00ed je\u0159\u00e1by","potentialAction":[{"@type":"SearchAction","target":{"@type":"EntryPoint","urlTemplate":"https:\/\/www.charvat-cts.cz\/?s={search_term_string}"},"query-input":{"@type":"PropertyValueSpecification","valueRequired":true,"valueName":"search_term_string"}}],"inLanguage":"fr-FR"}]}},"_links":{"self":[{"href":"https:\/\/www.charvat-cts.cz\/fr\/wp-json\/wp\/v2\/pages\/4779","targetHints":{"allow":["GET"]}}],"collection":[{"href":"https:\/\/www.charvat-cts.cz\/fr\/wp-json\/wp\/v2\/pages"}],"about":[{"href":"https:\/\/www.charvat-cts.cz\/fr\/wp-json\/wp\/v2\/types\/page"}],"author":[{"embeddable":true,"href":"https:\/\/www.charvat-cts.cz\/fr\/wp-json\/wp\/v2\/users\/1"}],"replies":[{"embeddable":true,"href":"https:\/\/www.charvat-cts.cz\/fr\/wp-json\/wp\/v2\/comments?post=4779"}],"version-history":[{"count":3,"href":"https:\/\/www.charvat-cts.cz\/fr\/wp-json\/wp\/v2\/pages\/4779\/revisions"}],"predecessor-version":[{"id":6638,"href":"https:\/\/www.charvat-cts.cz\/fr\/wp-json\/wp\/v2\/pages\/4779\/revisions\/6638"}],"wp:attachment":[{"href":"https:\/\/www.charvat-cts.cz\/fr\/wp-json\/wp\/v2\/media?parent=4779"}],"curies":[{"name":"wp","href":"https:\/\/api.w.org\/{rel}","templated":true}]}}