{"id":4777,"date":"2016-03-31T16:46:06","date_gmt":"2016-03-31T15:46:06","guid":{"rendered":"http:\/\/www.charvat-cts.cz\/predstaveni\/"},"modified":"2024-05-07T18:47:29","modified_gmt":"2024-05-07T17:47:29","slug":"presentation","status":"publish","type":"page","link":"https:\/\/www.charvat-cts.cz\/fr\/presentation\/","title":{"rendered":"Pr\u00e9sentation"},"content":{"rendered":"<p><img loading=\"lazy\" decoding=\"async\" class=\"size-medium wp-image-2030 alignright\" src=\"http:\/\/www.charvat-cts.cz\/wp-content\/uploads\/CHARV\u00c1T-CTS_2015-300x169.jpg\" alt=\"DCIM100GOPRO\" width=\"300\" height=\"169\" srcset=\"https:\/\/www.charvat-cts.cz\/wp-content\/uploads\/CHARV\u00c1T-CTS_2015-300x169.jpg 300w, https:\/\/www.charvat-cts.cz\/wp-content\/uploads\/CHARV\u00c1T-CTS_2015-1024x578.jpg 1024w, https:\/\/www.charvat-cts.cz\/wp-content\/uploads\/CHARV\u00c1T-CTS_2015.jpg 2000w\" sizes=\"auto, (max-width: 300px) 100vw, 300px\" \/>La mission de CHARV\u00c1T CTS a.s. vise \u00e0 fournir des produits de g\u00e9nie m\u00e9canique de pointe, en particulier des superstructures pour camions et v\u00e9hicules utilitaires, ainsi que des machines et du mat\u00e9riel destin\u00e9s aux \u00e0 l\u2019arm\u00e9e et \u00e0 d&rsquo;autres clients.<\/p>\n<h2>Bras de levage ou bras multibennes et les m\u00eames syst\u00e8ms pour les tracteurs<\/h2>\n<p>L&rsquo;offre se base sur des porte-conteneurs \u00e0 un bras de levage, multibenne et pour tracteurs avec une capacit\u00e9 de chargement comprise entre 2,5 et 30 tonnes pour une production propre destin\u00e9e aux cat\u00e9gories de v\u00e9hicules N1, N2, N3 et OT. Le montage de tous les types de m\u00e9canismes sur les ch\u00e2ssis de camions et de remorques fait partie int\u00e9grante du programme de fabrication.<\/p>\n<p>Le programme de fabrication comprend entre autres :<\/p>\n<ul>\n<li>Syst\u00e8mes de transport et plates-formes militaires FLATRACK<\/li>\n<li>Conteneurs<\/li>\n<\/ul>\n","protected":false},"excerpt":{"rendered":"<p>La mission de CHARV\u00c1T CTS a.s. vise \u00e0 fournir des produits de g\u00e9nie m\u00e9canique de pointe, en particulier des superstructures pour camions et v\u00e9hicules utilitaires, ainsi que des machines et du mat\u00e9riel destin\u00e9s aux \u00e0 l\u2019arm\u00e9e et \u00e0 d&rsquo;autres clients. Bras de levage ou bras multibennes et les m\u00eames syst\u00e8ms pour les tracteurs L&rsquo;offre se [&hellip;]<\/p>\n","protected":false},"author":1,"featured_media":0,"parent":0,"menu_order":0,"comment_status":"closed","ping_status":"closed","template":"","meta":{"_acf_changed":false,"footnotes":""},"class_list":["post-4777","page","type-page","status-publish","hentry"],"acf":[],"yoast_head":"<!-- This site is optimized with the Yoast SEO plugin v27.4 - https:\/\/yoast.com\/product\/yoast-seo-wordpress\/ -->\n<title>Pr\u00e9sentation - CHARV\u00c1T CTS a.s.<\/title>\n<meta name=\"robots\" content=\"index, follow, max-snippet:-1, max-image-preview:large, max-video-preview:-1\" \/>\n<link rel=\"canonical\" href=\"https:\/\/www.charvat-cts.cz\/fr\/presentation\/\" \/>\n<meta property=\"og:locale\" content=\"fr_FR\" \/>\n<meta property=\"og:type\" content=\"article\" \/>\n<meta property=\"og:title\" content=\"Pr\u00e9sentation - CHARV\u00c1T CTS a.s.\" \/>\n<meta property=\"og:description\" content=\"La mission de CHARV\u00c1T CTS a.s. vise \u00e0 fournir des produits de g\u00e9nie m\u00e9canique de pointe, en particulier des superstructures pour camions et v\u00e9hicules utilitaires, ainsi que des machines et du mat\u00e9riel destin\u00e9s aux \u00e0 l\u2019arm\u00e9e et \u00e0 d&rsquo;autres clients. Bras de levage ou bras multibennes et les m\u00eames syst\u00e8ms pour les tracteurs L&rsquo;offre se [&hellip;]\" \/>\n<meta property=\"og:url\" content=\"https:\/\/www.charvat-cts.cz\/fr\/presentation\/\" \/>\n<meta property=\"og:site_name\" content=\"CHARV\u00c1T CTS a.s.\" \/>\n<meta property=\"article:modified_time\" content=\"2024-05-07T17:47:29+00:00\" \/>\n<meta name=\"twitter:card\" content=\"summary_large_image\" \/>\n<meta name=\"twitter:label1\" content=\"Dur\u00e9e de lecture estim\u00e9e\" \/>\n\t<meta name=\"twitter:data1\" content=\"1 minute\" \/>\n<script type=\"application\/ld+json\" class=\"yoast-schema-graph\">{\"@context\":\"https:\\\/\\\/schema.org\",\"@graph\":[{\"@type\":\"WebPage\",\"@id\":\"https:\\\/\\\/www.charvat-cts.cz\\\/fr\\\/presentation\\\/\",\"url\":\"https:\\\/\\\/www.charvat-cts.cz\\\/fr\\\/presentation\\\/\",\"name\":\"Pr\u00e9sentation - CHARV\u00c1T CTS a.s.\",\"isPartOf\":{\"@id\":\"https:\\\/\\\/www.charvat-cts.cz\\\/#website\"},\"datePublished\":\"2016-03-31T15:46:06+00:00\",\"dateModified\":\"2024-05-07T17:47:29+00:00\",\"breadcrumb\":{\"@id\":\"https:\\\/\\\/www.charvat-cts.cz\\\/fr\\\/presentation\\\/#breadcrumb\"},\"inLanguage\":\"fr-FR\",\"potentialAction\":[{\"@type\":\"ReadAction\",\"target\":[\"https:\\\/\\\/www.charvat-cts.cz\\\/fr\\\/presentation\\\/\"]}]},{\"@type\":\"BreadcrumbList\",\"@id\":\"https:\\\/\\\/www.charvat-cts.cz\\\/fr\\\/presentation\\\/#breadcrumb\",\"itemListElement\":[{\"@type\":\"ListItem\",\"position\":1,\"name\":\"\u00davod\",\"item\":\"https:\\\/\\\/www.charvat-cts.cz\\\/fr\\\/\"},{\"@type\":\"ListItem\",\"position\":2,\"name\":\"Pr\u00e9sentation\"}]},{\"@type\":\"WebSite\",\"@id\":\"https:\\\/\\\/www.charvat-cts.cz\\\/#website\",\"url\":\"https:\\\/\\\/www.charvat-cts.cz\\\/\",\"name\":\"CHARV\u00c1T CTS a.s.\",\"description\":\"Nosi\u010de kontejner\u016f, traktorov\u00e9 n\u00e1v\u011bsy, kontejnery, nakl\u00e1dac\u00ed je\u0159\u00e1by\",\"potentialAction\":[{\"@type\":\"SearchAction\",\"target\":{\"@type\":\"EntryPoint\",\"urlTemplate\":\"https:\\\/\\\/www.charvat-cts.cz\\\/?s={search_term_string}\"},\"query-input\":{\"@type\":\"PropertyValueSpecification\",\"valueRequired\":true,\"valueName\":\"search_term_string\"}}],\"inLanguage\":\"fr-FR\"}]}<\/script>\n<!-- \/ Yoast SEO plugin. -->","yoast_head_json":{"title":"Pr\u00e9sentation - CHARV\u00c1T CTS a.s.","robots":{"index":"index","follow":"follow","max-snippet":"max-snippet:-1","max-image-preview":"max-image-preview:large","max-video-preview":"max-video-preview:-1"},"canonical":"https:\/\/www.charvat-cts.cz\/fr\/presentation\/","og_locale":"fr_FR","og_type":"article","og_title":"Pr\u00e9sentation - CHARV\u00c1T CTS a.s.","og_description":"La mission de CHARV\u00c1T CTS a.s. vise \u00e0 fournir des produits de g\u00e9nie m\u00e9canique de pointe, en particulier des superstructures pour camions et v\u00e9hicules utilitaires, ainsi que des machines et du mat\u00e9riel destin\u00e9s aux \u00e0 l\u2019arm\u00e9e et \u00e0 d&rsquo;autres clients. Bras de levage ou bras multibennes et les m\u00eames syst\u00e8ms pour les tracteurs L&rsquo;offre se [&hellip;]","og_url":"https:\/\/www.charvat-cts.cz\/fr\/presentation\/","og_site_name":"CHARV\u00c1T CTS a.s.","article_modified_time":"2024-05-07T17:47:29+00:00","twitter_card":"summary_large_image","twitter_misc":{"Dur\u00e9e de lecture estim\u00e9e":"1 minute"},"schema":{"@context":"https:\/\/schema.org","@graph":[{"@type":"WebPage","@id":"https:\/\/www.charvat-cts.cz\/fr\/presentation\/","url":"https:\/\/www.charvat-cts.cz\/fr\/presentation\/","name":"Pr\u00e9sentation - CHARV\u00c1T CTS a.s.","isPartOf":{"@id":"https:\/\/www.charvat-cts.cz\/#website"},"datePublished":"2016-03-31T15:46:06+00:00","dateModified":"2024-05-07T17:47:29+00:00","breadcrumb":{"@id":"https:\/\/www.charvat-cts.cz\/fr\/presentation\/#breadcrumb"},"inLanguage":"fr-FR","potentialAction":[{"@type":"ReadAction","target":["https:\/\/www.charvat-cts.cz\/fr\/presentation\/"]}]},{"@type":"BreadcrumbList","@id":"https:\/\/www.charvat-cts.cz\/fr\/presentation\/#breadcrumb","itemListElement":[{"@type":"ListItem","position":1,"name":"\u00davod","item":"https:\/\/www.charvat-cts.cz\/fr\/"},{"@type":"ListItem","position":2,"name":"Pr\u00e9sentation"}]},{"@type":"WebSite","@id":"https:\/\/www.charvat-cts.cz\/#website","url":"https:\/\/www.charvat-cts.cz\/","name":"CHARV\u00c1T CTS a.s.","description":"Nosi\u010de kontejner\u016f, traktorov\u00e9 n\u00e1v\u011bsy, kontejnery, nakl\u00e1dac\u00ed je\u0159\u00e1by","potentialAction":[{"@type":"SearchAction","target":{"@type":"EntryPoint","urlTemplate":"https:\/\/www.charvat-cts.cz\/?s={search_term_string}"},"query-input":{"@type":"PropertyValueSpecification","valueRequired":true,"valueName":"search_term_string"}}],"inLanguage":"fr-FR"}]}},"_links":{"self":[{"href":"https:\/\/www.charvat-cts.cz\/fr\/wp-json\/wp\/v2\/pages\/4777","targetHints":{"allow":["GET"]}}],"collection":[{"href":"https:\/\/www.charvat-cts.cz\/fr\/wp-json\/wp\/v2\/pages"}],"about":[{"href":"https:\/\/www.charvat-cts.cz\/fr\/wp-json\/wp\/v2\/types\/page"}],"author":[{"embeddable":true,"href":"https:\/\/www.charvat-cts.cz\/fr\/wp-json\/wp\/v2\/users\/1"}],"replies":[{"embeddable":true,"href":"https:\/\/www.charvat-cts.cz\/fr\/wp-json\/wp\/v2\/comments?post=4777"}],"version-history":[{"count":6,"href":"https:\/\/www.charvat-cts.cz\/fr\/wp-json\/wp\/v2\/pages\/4777\/revisions"}],"predecessor-version":[{"id":6640,"href":"https:\/\/www.charvat-cts.cz\/fr\/wp-json\/wp\/v2\/pages\/4777\/revisions\/6640"}],"wp:attachment":[{"href":"https:\/\/www.charvat-cts.cz\/fr\/wp-json\/wp\/v2\/media?parent=4777"}],"curies":[{"name":"wp","href":"https:\/\/api.w.org\/{rel}","templated":true}]}}