{"id":4771,"date":"2016-04-19T22:01:01","date_gmt":"2016-04-19T21:01:01","guid":{"rendered":"http:\/\/www.charvat-cts.cz\/kategorie\/"},"modified":"2019-05-30T14:03:33","modified_gmt":"2019-05-30T13:03:33","slug":"categorie","status":"publish","type":"page","link":"https:\/\/www.charvat-cts.cz\/fr\/categorie\/","title":{"rendered":"Cat\u00e9gorie"},"content":{"rendered":"","protected":false},"excerpt":{"rendered":"","protected":false},"author":1,"featured_media":0,"parent":0,"menu_order":0,"comment_status":"closed","ping_status":"closed","template":"kategorie.php","meta":{"_acf_changed":false,"footnotes":""},"class_list":["post-4771","page","type-page","status-publish","hentry"],"acf":[],"yoast_head":"<!-- This site is optimized with the Yoast SEO plugin v27.4 - https:\/\/yoast.com\/product\/yoast-seo-wordpress\/ -->\n<title>Produkty dle kategori\u00ed - CHARV\u00c1T CTS a.s.<\/title>\n<meta name=\"robots\" content=\"index, follow, max-snippet:-1, max-image-preview:large, max-video-preview:-1\" \/>\n<link rel=\"canonical\" href=\"https:\/\/www.charvat-cts.cz\/fr\/categorie\/\" \/>\n<meta property=\"og:locale\" content=\"fr_FR\" \/>\n<meta property=\"og:type\" content=\"article\" \/>\n<meta property=\"og:title\" content=\"Produkty dle kategori\u00ed - CHARV\u00c1T CTS a.s.\" \/>\n<meta property=\"og:url\" content=\"https:\/\/www.charvat-cts.cz\/fr\/categorie\/\" \/>\n<meta property=\"og:site_name\" content=\"CHARV\u00c1T CTS a.s.\" \/>\n<meta property=\"article:modified_time\" content=\"2019-05-30T13:03:33+00:00\" \/>\n<meta name=\"twitter:card\" content=\"summary_large_image\" \/>\n<script type=\"application\/ld+json\" class=\"yoast-schema-graph\">{\"@context\":\"https:\\\/\\\/schema.org\",\"@graph\":[{\"@type\":\"WebPage\",\"@id\":\"https:\\\/\\\/www.charvat-cts.cz\\\/fr\\\/categorie\\\/\",\"url\":\"https:\\\/\\\/www.charvat-cts.cz\\\/fr\\\/categorie\\\/\",\"name\":\"Produkty dle kategori\u00ed - CHARV\u00c1T CTS a.s.\",\"isPartOf\":{\"@id\":\"https:\\\/\\\/www.charvat-cts.cz\\\/#website\"},\"datePublished\":\"2016-04-19T21:01:01+00:00\",\"dateModified\":\"2019-05-30T13:03:33+00:00\",\"breadcrumb\":{\"@id\":\"https:\\\/\\\/www.charvat-cts.cz\\\/fr\\\/categorie\\\/#breadcrumb\"},\"inLanguage\":\"fr-FR\",\"potentialAction\":[{\"@type\":\"ReadAction\",\"target\":[\"https:\\\/\\\/www.charvat-cts.cz\\\/fr\\\/categorie\\\/\"]}]},{\"@type\":\"BreadcrumbList\",\"@id\":\"https:\\\/\\\/www.charvat-cts.cz\\\/fr\\\/categorie\\\/#breadcrumb\",\"itemListElement\":[{\"@type\":\"ListItem\",\"position\":1,\"name\":\"\u00davod\",\"item\":\"https:\\\/\\\/www.charvat-cts.cz\\\/fr\\\/\"},{\"@type\":\"ListItem\",\"position\":2,\"name\":\"Cat\u00e9gorie\"}]},{\"@type\":\"WebSite\",\"@id\":\"https:\\\/\\\/www.charvat-cts.cz\\\/#website\",\"url\":\"https:\\\/\\\/www.charvat-cts.cz\\\/\",\"name\":\"CHARV\u00c1T CTS a.s.\",\"description\":\"Nosi\u010de kontejner\u016f, traktorov\u00e9 n\u00e1v\u011bsy, kontejnery, nakl\u00e1dac\u00ed je\u0159\u00e1by\",\"potentialAction\":[{\"@type\":\"SearchAction\",\"target\":{\"@type\":\"EntryPoint\",\"urlTemplate\":\"https:\\\/\\\/www.charvat-cts.cz\\\/?s={search_term_string}\"},\"query-input\":{\"@type\":\"PropertyValueSpecification\",\"valueRequired\":true,\"valueName\":\"search_term_string\"}}],\"inLanguage\":\"fr-FR\"}]}<\/script>\n<!-- \/ Yoast SEO plugin. -->","yoast_head_json":{"title":"Produkty dle kategori\u00ed - CHARV\u00c1T CTS a.s.","robots":{"index":"index","follow":"follow","max-snippet":"max-snippet:-1","max-image-preview":"max-image-preview:large","max-video-preview":"max-video-preview:-1"},"canonical":"https:\/\/www.charvat-cts.cz\/fr\/categorie\/","og_locale":"fr_FR","og_type":"article","og_title":"Produkty dle kategori\u00ed - CHARV\u00c1T CTS a.s.","og_url":"https:\/\/www.charvat-cts.cz\/fr\/categorie\/","og_site_name":"CHARV\u00c1T CTS a.s.","article_modified_time":"2019-05-30T13:03:33+00:00","twitter_card":"summary_large_image","schema":{"@context":"https:\/\/schema.org","@graph":[{"@type":"WebPage","@id":"https:\/\/www.charvat-cts.cz\/fr\/categorie\/","url":"https:\/\/www.charvat-cts.cz\/fr\/categorie\/","name":"Produkty dle kategori\u00ed - CHARV\u00c1T CTS a.s.","isPartOf":{"@id":"https:\/\/www.charvat-cts.cz\/#website"},"datePublished":"2016-04-19T21:01:01+00:00","dateModified":"2019-05-30T13:03:33+00:00","breadcrumb":{"@id":"https:\/\/www.charvat-cts.cz\/fr\/categorie\/#breadcrumb"},"inLanguage":"fr-FR","potentialAction":[{"@type":"ReadAction","target":["https:\/\/www.charvat-cts.cz\/fr\/categorie\/"]}]},{"@type":"BreadcrumbList","@id":"https:\/\/www.charvat-cts.cz\/fr\/categorie\/#breadcrumb","itemListElement":[{"@type":"ListItem","position":1,"name":"\u00davod","item":"https:\/\/www.charvat-cts.cz\/fr\/"},{"@type":"ListItem","position":2,"name":"Cat\u00e9gorie"}]},{"@type":"WebSite","@id":"https:\/\/www.charvat-cts.cz\/#website","url":"https:\/\/www.charvat-cts.cz\/","name":"CHARV\u00c1T CTS a.s.","description":"Nosi\u010de kontejner\u016f, traktorov\u00e9 n\u00e1v\u011bsy, kontejnery, nakl\u00e1dac\u00ed je\u0159\u00e1by","potentialAction":[{"@type":"SearchAction","target":{"@type":"EntryPoint","urlTemplate":"https:\/\/www.charvat-cts.cz\/?s={search_term_string}"},"query-input":{"@type":"PropertyValueSpecification","valueRequired":true,"valueName":"search_term_string"}}],"inLanguage":"fr-FR"}]}},"_links":{"self":[{"href":"https:\/\/www.charvat-cts.cz\/fr\/wp-json\/wp\/v2\/pages\/4771","targetHints":{"allow":["GET"]}}],"collection":[{"href":"https:\/\/www.charvat-cts.cz\/fr\/wp-json\/wp\/v2\/pages"}],"about":[{"href":"https:\/\/www.charvat-cts.cz\/fr\/wp-json\/wp\/v2\/types\/page"}],"author":[{"embeddable":true,"href":"https:\/\/www.charvat-cts.cz\/fr\/wp-json\/wp\/v2\/users\/1"}],"replies":[{"embeddable":true,"href":"https:\/\/www.charvat-cts.cz\/fr\/wp-json\/wp\/v2\/comments?post=4771"}],"version-history":[{"count":2,"href":"https:\/\/www.charvat-cts.cz\/fr\/wp-json\/wp\/v2\/pages\/4771\/revisions"}],"predecessor-version":[{"id":4795,"href":"https:\/\/www.charvat-cts.cz\/fr\/wp-json\/wp\/v2\/pages\/4771\/revisions\/4795"}],"wp:attachment":[{"href":"https:\/\/www.charvat-cts.cz\/fr\/wp-json\/wp\/v2\/media?parent=4771"}],"curies":[{"name":"wp","href":"https:\/\/api.w.org\/{rel}","templated":true}]}}