{"id":4769,"date":"2016-03-31T16:43:13","date_gmt":"2016-03-31T15:43:13","guid":{"rendered":"http:\/\/www.charvat-cts.cz\/historie\/"},"modified":"2019-06-09T09:10:24","modified_gmt":"2019-06-09T08:10:24","slug":"histoire","status":"publish","type":"page","link":"https:\/\/www.charvat-cts.cz\/fr\/histoire\/","title":{"rendered":"Histoire"},"content":{"rendered":"<p><img loading=\"lazy\" decoding=\"async\" class=\"size-medium wp-image-1892 alignright\" src=\"http:\/\/www.charvat-cts.cz\/wp-content\/uploads\/Historie_01-300x200.jpg\" alt=\"Historie_01\" width=\"300\" height=\"200\" srcset=\"https:\/\/www.charvat-cts.cz\/wp-content\/uploads\/Historie_01-300x200.jpg 300w, https:\/\/www.charvat-cts.cz\/wp-content\/uploads\/Historie_01.jpg 1024w\" sizes=\"auto, (max-width: 300px) 100vw, 300px\" \/>Le pr\u00e9d\u00e9cesseur de CHARVAT CTS a.s. \u00e9tait la station de machines et de tracteurs Ok\u0159\u00ednek, fond\u00e9e en 1949. Elle a servi de base technique \u00e0 la r\u00e9paration de machines agricoles.<\/p>\n<p>La voie menant au principal secteur actuel de fabrication, \u00e0 savoir les syst\u00e8mes de transport de conteneurs, a commenc\u00e9 au milieu des ann\u00e9es 80. Dans la premi\u00e8re moiti\u00e9 des ann\u00e9es 80, le transport de conteneurs \u00e9tait d\u00e9j\u00e0 utilis\u00e9 en ex-Tch\u00e9coslovaquie. Cependant, la nouvelle g\u00e9n\u00e9ration de porte-conteneurs \u00e9tait d\u00e9j\u00e0 un projet ind\u00e9pendant de STS Ok\u0159\u00ednek, depuis son id\u00e9e initiale jusqu&rsquo;\u00e0 sa mise en \u0153uvre.<\/p>\n<p>L&rsquo;entreprise publique STS Ok\u0159\u00ednek a \u00e9t\u00e9 privatis\u00e9e en 1992 avec succ\u00e8s en restant entre les mains d\u2019un propri\u00e9taire tch\u00e8que, et transform\u00e9e en CTS-servis spol. s.r.o. (S.R.L.)<\/p>\n<p>En 2007, la soci\u00e9t\u00e9 a \u00e9t\u00e9 vendue et le nouveau propri\u00e9taire \u00e0 100% est devenu Genesis Capital s.r.o.<\/p>\n<p>En 2008, la soci\u00e9t\u00e9 CTS-servis spol. s.r.o. a \u00e9t\u00e9 transform\u00e9e en soci\u00e9t\u00e9 anonyme d\u00e9nomm\u00e9e CTS-servis, a.s.<\/p>\n<p>En 2013, la soci\u00e9t\u00e9 CTS-servis, a.s. change de propri\u00e9taire pour devenir CHARV\u00c1T Group s.r.o. Dans le m\u00eame temps, la d\u00e9nomination sociale a \u00e9t\u00e9 modifi\u00e9e en CHARV\u00c1T CTS a.s.<\/p>\n<p>Au cours des derni\u00e8res ann\u00e9es, le programme de fabrication des syst\u00e8mes de transport de conteneurs s\u2019est consid\u00e9rablement d\u00e9velopp\u00e9. Actuellement, la gamme comprend des porte-conteneurs t\u00e9lescopiques et articul\u00e9s avec une capacit\u00e9 de levage et de basculement de 2 \u00e0 30 tonnes, des porte-conteneurs multibenne avec une capacit\u00e9 de levage et de basculement de 12 \u00e0 18 tonnes, ainsi que ses propres semi-remorques pour tracteurs, des porte-conteneurs d&rsquo;un poids total de 3,5 \u00e0 21 tonnes. Dans le m\u00eame temps, le nombre d&rsquo;utilisateurs s&rsquo;est consid\u00e9rablement \u00e9largi. Outre l&rsquo;agriculture, pour laquelle les m\u00e9canismes ont \u00e9t\u00e9 \u00e0 l&rsquo;origine con\u00e7us, ils se sont particuli\u00e8rement implant\u00e9s dans la construction, la gestion des d\u00e9chets, les services communaux mais \u00e9galement chez les sapeurs-pompiers. De plus, l&rsquo;offre de conteneurs de qualit\u00e9 est vaste.<\/p>\n","protected":false},"excerpt":{"rendered":"<p>Le pr\u00e9d\u00e9cesseur de CHARVAT CTS a.s. \u00e9tait la station de machines et de tracteurs Ok\u0159\u00ednek, fond\u00e9e en 1949. Elle a servi de base technique \u00e0 la r\u00e9paration de machines agricoles. La voie menant au principal secteur actuel de fabrication, \u00e0 savoir les syst\u00e8mes de transport de conteneurs, a commenc\u00e9 au milieu des ann\u00e9es 80. Dans [&hellip;]<\/p>\n","protected":false},"author":1,"featured_media":0,"parent":0,"menu_order":0,"comment_status":"closed","ping_status":"closed","template":"","meta":{"_acf_changed":false,"footnotes":""},"class_list":["post-4769","page","type-page","status-publish","hentry"],"acf":[],"yoast_head":"<!-- This site is optimized with the Yoast SEO plugin v27.5 - https:\/\/yoast.com\/product\/yoast-seo-wordpress\/ -->\n<title>Histoire - CHARV\u00c1T CTS a.s.<\/title>\n<meta name=\"robots\" content=\"index, follow, max-snippet:-1, max-image-preview:large, max-video-preview:-1\" \/>\n<link rel=\"canonical\" href=\"https:\/\/www.charvat-cts.cz\/fr\/histoire\/\" \/>\n<meta property=\"og:locale\" content=\"fr_FR\" \/>\n<meta property=\"og:type\" content=\"article\" \/>\n<meta property=\"og:title\" content=\"Histoire - CHARV\u00c1T CTS a.s.\" \/>\n<meta property=\"og:description\" content=\"Le pr\u00e9d\u00e9cesseur de CHARVAT CTS a.s. \u00e9tait la station de machines et de tracteurs Ok\u0159\u00ednek, fond\u00e9e en 1949. Elle a servi de base technique \u00e0 la r\u00e9paration de machines agricoles. La voie menant au principal secteur actuel de fabrication, \u00e0 savoir les syst\u00e8mes de transport de conteneurs, a commenc\u00e9 au milieu des ann\u00e9es 80. Dans [&hellip;]\" \/>\n<meta property=\"og:url\" content=\"https:\/\/www.charvat-cts.cz\/fr\/histoire\/\" \/>\n<meta property=\"og:site_name\" content=\"CHARV\u00c1T CTS a.s.\" \/>\n<meta property=\"article:modified_time\" content=\"2019-06-09T08:10:24+00:00\" \/>\n<meta property=\"og:image\" content=\"http:\/\/www.charvat-cts.cz\/wp-content\/uploads\/Historie_01-300x200.jpg\" \/>\n<meta name=\"twitter:card\" content=\"summary_large_image\" \/>\n<meta name=\"twitter:label1\" content=\"Dur\u00e9e de lecture estim\u00e9e\" \/>\n\t<meta name=\"twitter:data1\" content=\"2 minutes\" \/>\n<script type=\"application\/ld+json\" class=\"yoast-schema-graph\">{\"@context\":\"https:\\\/\\\/schema.org\",\"@graph\":[{\"@type\":\"WebPage\",\"@id\":\"https:\\\/\\\/www.charvat-cts.cz\\\/fr\\\/histoire\\\/\",\"url\":\"https:\\\/\\\/www.charvat-cts.cz\\\/fr\\\/histoire\\\/\",\"name\":\"Histoire - CHARV\u00c1T CTS a.s.\",\"isPartOf\":{\"@id\":\"https:\\\/\\\/www.charvat-cts.cz\\\/#website\"},\"primaryImageOfPage\":{\"@id\":\"https:\\\/\\\/www.charvat-cts.cz\\\/fr\\\/histoire\\\/#primaryimage\"},\"image\":{\"@id\":\"https:\\\/\\\/www.charvat-cts.cz\\\/fr\\\/histoire\\\/#primaryimage\"},\"thumbnailUrl\":\"http:\\\/\\\/www.charvat-cts.cz\\\/wp-content\\\/uploads\\\/Historie_01-300x200.jpg\",\"datePublished\":\"2016-03-31T15:43:13+00:00\",\"dateModified\":\"2019-06-09T08:10:24+00:00\",\"breadcrumb\":{\"@id\":\"https:\\\/\\\/www.charvat-cts.cz\\\/fr\\\/histoire\\\/#breadcrumb\"},\"inLanguage\":\"fr-FR\",\"potentialAction\":[{\"@type\":\"ReadAction\",\"target\":[\"https:\\\/\\\/www.charvat-cts.cz\\\/fr\\\/histoire\\\/\"]}]},{\"@type\":\"ImageObject\",\"inLanguage\":\"fr-FR\",\"@id\":\"https:\\\/\\\/www.charvat-cts.cz\\\/fr\\\/histoire\\\/#primaryimage\",\"url\":\"http:\\\/\\\/www.charvat-cts.cz\\\/wp-content\\\/uploads\\\/Historie_01-300x200.jpg\",\"contentUrl\":\"http:\\\/\\\/www.charvat-cts.cz\\\/wp-content\\\/uploads\\\/Historie_01-300x200.jpg\"},{\"@type\":\"BreadcrumbList\",\"@id\":\"https:\\\/\\\/www.charvat-cts.cz\\\/fr\\\/histoire\\\/#breadcrumb\",\"itemListElement\":[{\"@type\":\"ListItem\",\"position\":1,\"name\":\"\u00davod\",\"item\":\"https:\\\/\\\/www.charvat-cts.cz\\\/fr\\\/\"},{\"@type\":\"ListItem\",\"position\":2,\"name\":\"Histoire\"}]},{\"@type\":\"WebSite\",\"@id\":\"https:\\\/\\\/www.charvat-cts.cz\\\/#website\",\"url\":\"https:\\\/\\\/www.charvat-cts.cz\\\/\",\"name\":\"CHARV\u00c1T CTS a.s.\",\"description\":\"Nosi\u010de kontejner\u016f, traktorov\u00e9 n\u00e1v\u011bsy, kontejnery, nakl\u00e1dac\u00ed je\u0159\u00e1by\",\"potentialAction\":[{\"@type\":\"SearchAction\",\"target\":{\"@type\":\"EntryPoint\",\"urlTemplate\":\"https:\\\/\\\/www.charvat-cts.cz\\\/?s={search_term_string}\"},\"query-input\":{\"@type\":\"PropertyValueSpecification\",\"valueRequired\":true,\"valueName\":\"search_term_string\"}}],\"inLanguage\":\"fr-FR\"}]}<\/script>\n<!-- \/ Yoast SEO plugin. -->","yoast_head_json":{"title":"Histoire - CHARV\u00c1T CTS a.s.","robots":{"index":"index","follow":"follow","max-snippet":"max-snippet:-1","max-image-preview":"max-image-preview:large","max-video-preview":"max-video-preview:-1"},"canonical":"https:\/\/www.charvat-cts.cz\/fr\/histoire\/","og_locale":"fr_FR","og_type":"article","og_title":"Histoire - CHARV\u00c1T CTS a.s.","og_description":"Le pr\u00e9d\u00e9cesseur de CHARVAT CTS a.s. \u00e9tait la station de machines et de tracteurs Ok\u0159\u00ednek, fond\u00e9e en 1949. Elle a servi de base technique \u00e0 la r\u00e9paration de machines agricoles. La voie menant au principal secteur actuel de fabrication, \u00e0 savoir les syst\u00e8mes de transport de conteneurs, a commenc\u00e9 au milieu des ann\u00e9es 80. Dans [&hellip;]","og_url":"https:\/\/www.charvat-cts.cz\/fr\/histoire\/","og_site_name":"CHARV\u00c1T CTS a.s.","article_modified_time":"2019-06-09T08:10:24+00:00","og_image":[{"url":"http:\/\/www.charvat-cts.cz\/wp-content\/uploads\/Historie_01-300x200.jpg","type":"","width":"","height":""}],"twitter_card":"summary_large_image","twitter_misc":{"Dur\u00e9e de lecture estim\u00e9e":"2 minutes"},"schema":{"@context":"https:\/\/schema.org","@graph":[{"@type":"WebPage","@id":"https:\/\/www.charvat-cts.cz\/fr\/histoire\/","url":"https:\/\/www.charvat-cts.cz\/fr\/histoire\/","name":"Histoire - CHARV\u00c1T CTS a.s.","isPartOf":{"@id":"https:\/\/www.charvat-cts.cz\/#website"},"primaryImageOfPage":{"@id":"https:\/\/www.charvat-cts.cz\/fr\/histoire\/#primaryimage"},"image":{"@id":"https:\/\/www.charvat-cts.cz\/fr\/histoire\/#primaryimage"},"thumbnailUrl":"http:\/\/www.charvat-cts.cz\/wp-content\/uploads\/Historie_01-300x200.jpg","datePublished":"2016-03-31T15:43:13+00:00","dateModified":"2019-06-09T08:10:24+00:00","breadcrumb":{"@id":"https:\/\/www.charvat-cts.cz\/fr\/histoire\/#breadcrumb"},"inLanguage":"fr-FR","potentialAction":[{"@type":"ReadAction","target":["https:\/\/www.charvat-cts.cz\/fr\/histoire\/"]}]},{"@type":"ImageObject","inLanguage":"fr-FR","@id":"https:\/\/www.charvat-cts.cz\/fr\/histoire\/#primaryimage","url":"http:\/\/www.charvat-cts.cz\/wp-content\/uploads\/Historie_01-300x200.jpg","contentUrl":"http:\/\/www.charvat-cts.cz\/wp-content\/uploads\/Historie_01-300x200.jpg"},{"@type":"BreadcrumbList","@id":"https:\/\/www.charvat-cts.cz\/fr\/histoire\/#breadcrumb","itemListElement":[{"@type":"ListItem","position":1,"name":"\u00davod","item":"https:\/\/www.charvat-cts.cz\/fr\/"},{"@type":"ListItem","position":2,"name":"Histoire"}]},{"@type":"WebSite","@id":"https:\/\/www.charvat-cts.cz\/#website","url":"https:\/\/www.charvat-cts.cz\/","name":"CHARV\u00c1T CTS a.s.","description":"Nosi\u010de kontejner\u016f, traktorov\u00e9 n\u00e1v\u011bsy, kontejnery, nakl\u00e1dac\u00ed je\u0159\u00e1by","potentialAction":[{"@type":"SearchAction","target":{"@type":"EntryPoint","urlTemplate":"https:\/\/www.charvat-cts.cz\/?s={search_term_string}"},"query-input":{"@type":"PropertyValueSpecification","valueRequired":true,"valueName":"search_term_string"}}],"inLanguage":"fr-FR"}]}},"_links":{"self":[{"href":"https:\/\/www.charvat-cts.cz\/fr\/wp-json\/wp\/v2\/pages\/4769","targetHints":{"allow":["GET"]}}],"collection":[{"href":"https:\/\/www.charvat-cts.cz\/fr\/wp-json\/wp\/v2\/pages"}],"about":[{"href":"https:\/\/www.charvat-cts.cz\/fr\/wp-json\/wp\/v2\/types\/page"}],"author":[{"embeddable":true,"href":"https:\/\/www.charvat-cts.cz\/fr\/wp-json\/wp\/v2\/users\/1"}],"replies":[{"embeddable":true,"href":"https:\/\/www.charvat-cts.cz\/fr\/wp-json\/wp\/v2\/comments?post=4769"}],"version-history":[{"count":2,"href":"https:\/\/www.charvat-cts.cz\/fr\/wp-json\/wp\/v2\/pages\/4769\/revisions"}],"predecessor-version":[{"id":4926,"href":"https:\/\/www.charvat-cts.cz\/fr\/wp-json\/wp\/v2\/pages\/4769\/revisions\/4926"}],"wp:attachment":[{"href":"https:\/\/www.charvat-cts.cz\/fr\/wp-json\/wp\/v2\/media?parent=4769"}],"curies":[{"name":"wp","href":"https:\/\/api.w.org\/{rel}","templated":true}]}}