{"id":2592,"date":"2016-04-15T20:29:35","date_gmt":"2016-04-15T19:29:35","guid":{"rendered":"http:\/\/www.charvat-cts.cz\/en\/dokumentace\/"},"modified":"2016-06-28T17:52:03","modified_gmt":"2016-06-28T16:52:03","slug":"documentation","status":"publish","type":"page","link":"https:\/\/www.charvat-cts.cz\/en\/documentation\/","title":{"rendered":"Documentation"},"content":{"rendered":"","protected":true},"excerpt":{"rendered":"","protected":true},"author":1,"featured_media":0,"parent":0,"menu_order":0,"comment_status":"closed","ping_status":"closed","template":"dokumentace.php","meta":{"_acf_changed":false,"footnotes":""},"class_list":["post-2592","page","type-page","status-publish","post-password-required","hentry"],"acf":[],"yoast_head":"<!-- This site is optimized with the Yoast SEO plugin v27.5 - https:\/\/yoast.com\/product\/yoast-seo-wordpress\/ -->\n<title>Documentation - CHARV\u00c1T CTS a.s.<\/title>\n<meta name=\"robots\" content=\"index, follow, max-snippet:-1, max-image-preview:large, max-video-preview:-1\" \/>\n<link rel=\"canonical\" href=\"https:\/\/www.charvat-cts.cz\/en\/documentation\/\" \/>\n<meta property=\"og:locale\" content=\"en_US\" \/>\n<meta property=\"og:type\" content=\"article\" \/>\n<meta property=\"og:title\" content=\"Documentation - CHARV\u00c1T CTS a.s.\" \/>\n<meta property=\"og:description\" content=\"There is no excerpt because this is a protected post.\" \/>\n<meta property=\"og:url\" content=\"https:\/\/www.charvat-cts.cz\/en\/documentation\/\" \/>\n<meta property=\"og:site_name\" content=\"CHARV\u00c1T CTS a.s.\" \/>\n<meta property=\"article:modified_time\" content=\"2016-06-28T16:52:03+00:00\" \/>\n<meta name=\"twitter:card\" content=\"summary_large_image\" \/>\n<script type=\"application\/ld+json\" class=\"yoast-schema-graph\">{\"@context\":\"https:\\\/\\\/schema.org\",\"@graph\":[{\"@type\":\"WebPage\",\"@id\":\"https:\\\/\\\/www.charvat-cts.cz\\\/en\\\/documentation\\\/\",\"url\":\"https:\\\/\\\/www.charvat-cts.cz\\\/en\\\/documentation\\\/\",\"name\":\"Documentation - CHARV\u00c1T CTS a.s.\",\"isPartOf\":{\"@id\":\"https:\\\/\\\/www.charvat-cts.cz\\\/#website\"},\"datePublished\":\"2016-04-15T19:29:35+00:00\",\"dateModified\":\"2016-06-28T16:52:03+00:00\",\"breadcrumb\":{\"@id\":\"https:\\\/\\\/www.charvat-cts.cz\\\/en\\\/documentation\\\/#breadcrumb\"},\"inLanguage\":\"en-US\"},{\"@type\":\"WebSite\",\"@id\":\"https:\\\/\\\/www.charvat-cts.cz\\\/#website\",\"url\":\"https:\\\/\\\/www.charvat-cts.cz\\\/\",\"name\":\"CHARV\u00c1T CTS a.s.\",\"description\":\"Nosi\u010de kontejner\u016f, traktorov\u00e9 n\u00e1v\u011bsy, kontejnery, nakl\u00e1dac\u00ed je\u0159\u00e1by\",\"potentialAction\":[{\"@type\":\"SearchAction\",\"target\":{\"@type\":\"EntryPoint\",\"urlTemplate\":\"https:\\\/\\\/www.charvat-cts.cz\\\/?s={search_term_string}\"},\"query-input\":{\"@type\":\"PropertyValueSpecification\",\"valueRequired\":true,\"valueName\":\"search_term_string\"}}],\"inLanguage\":\"en-US\"}]}<\/script>\n<!-- \/ Yoast SEO plugin. -->","yoast_head_json":{"title":"Documentation - CHARV\u00c1T CTS a.s.","robots":{"index":"index","follow":"follow","max-snippet":"max-snippet:-1","max-image-preview":"max-image-preview:large","max-video-preview":"max-video-preview:-1"},"canonical":"https:\/\/www.charvat-cts.cz\/en\/documentation\/","og_locale":"en_US","og_type":"article","og_title":"Documentation - CHARV\u00c1T CTS a.s.","og_description":"There is no excerpt because this is a protected post.","og_url":"https:\/\/www.charvat-cts.cz\/en\/documentation\/","og_site_name":"CHARV\u00c1T CTS a.s.","article_modified_time":"2016-06-28T16:52:03+00:00","twitter_card":"summary_large_image","schema":{"@context":"https:\/\/schema.org","@graph":[{"@type":"WebPage","@id":"https:\/\/www.charvat-cts.cz\/en\/documentation\/","url":"https:\/\/www.charvat-cts.cz\/en\/documentation\/","name":"Documentation - CHARV\u00c1T CTS a.s.","isPartOf":{"@id":"https:\/\/www.charvat-cts.cz\/#website"},"datePublished":"2016-04-15T19:29:35+00:00","dateModified":"2016-06-28T16:52:03+00:00","breadcrumb":{"@id":"https:\/\/www.charvat-cts.cz\/en\/documentation\/#breadcrumb"},"inLanguage":"en-US"},{"@type":"WebSite","@id":"https:\/\/www.charvat-cts.cz\/#website","url":"https:\/\/www.charvat-cts.cz\/","name":"CHARV\u00c1T CTS a.s.","description":"Nosi\u010de kontejner\u016f, traktorov\u00e9 n\u00e1v\u011bsy, kontejnery, nakl\u00e1dac\u00ed je\u0159\u00e1by","potentialAction":[{"@type":"SearchAction","target":{"@type":"EntryPoint","urlTemplate":"https:\/\/www.charvat-cts.cz\/?s={search_term_string}"},"query-input":{"@type":"PropertyValueSpecification","valueRequired":true,"valueName":"search_term_string"}}],"inLanguage":"en-US"}]}},"_links":{"self":[{"href":"https:\/\/www.charvat-cts.cz\/en\/wp-json\/wp\/v2\/pages\/2592","targetHints":{"allow":["GET"]}}],"collection":[{"href":"https:\/\/www.charvat-cts.cz\/en\/wp-json\/wp\/v2\/pages"}],"about":[{"href":"https:\/\/www.charvat-cts.cz\/en\/wp-json\/wp\/v2\/types\/page"}],"author":[{"embeddable":true,"href":"https:\/\/www.charvat-cts.cz\/en\/wp-json\/wp\/v2\/users\/1"}],"replies":[{"embeddable":true,"href":"https:\/\/www.charvat-cts.cz\/en\/wp-json\/wp\/v2\/comments?post=2592"}],"version-history":[{"count":1,"href":"https:\/\/www.charvat-cts.cz\/en\/wp-json\/wp\/v2\/pages\/2592\/revisions"}],"predecessor-version":[{"id":2596,"href":"https:\/\/www.charvat-cts.cz\/en\/wp-json\/wp\/v2\/pages\/2592\/revisions\/2596"}],"wp:attachment":[{"href":"https:\/\/www.charvat-cts.cz\/en\/wp-json\/wp\/v2\/media?parent=2592"}],"curies":[{"name":"wp","href":"https:\/\/api.w.org\/{rel}","templated":true}]}}