{"id":2574,"date":"2016-03-31T16:51:24","date_gmt":"2016-03-31T15:51:24","guid":{"rendered":"http:\/\/www.charvat-cts.cz\/en\/spolecnost\/"},"modified":"2024-05-07T19:11:16","modified_gmt":"2024-05-07T18:11:16","slug":"company","status":"publish","type":"page","link":"https:\/\/www.charvat-cts.cz\/en\/company\/","title":{"rendered":"Company"},"content":{"rendered":"<p>You can find basic information about the company CHARV\u00c1T CTS a.s. here, such as its history, news or current jobs.<\/p>\n<ul>\n<li><a href=\"http:\/\/www.charvat-cts.cz\/en\/introduction\/\">Introduction<\/a><\/li>\n<li><a href=\"http:\/\/www.charvat-cts.cz\/en\/news\/\">News<\/a><\/li>\n<li><a href=\"http:\/\/www.charvat-cts.cz\/en\/certifikacation\/\">Certifikacation<\/a><\/li>\n<li><a href=\"http:\/\/www.charvat-cts.cz\/en\/history\/\">History<\/a><\/li>\n<li><a href=\"http:\/\/www.charvat-cts.cz\/wp-content\/uploads\/CHARV\u00c1T-CTS_Pou\u010den\u00ed-o-ochran\u011b-osobn\u00edch-\u00fadaj\u016f_EN_2018-06.pdf\">GDPR<\/a><\/li>\n<\/ul>\n","protected":false},"excerpt":{"rendered":"<p>You can find basic information about the company CHARV\u00c1T CTS a.s. here, such as its history, news or current jobs. Introduction News Certifikacation History GDPR<\/p>\n","protected":false},"author":1,"featured_media":0,"parent":0,"menu_order":0,"comment_status":"closed","ping_status":"closed","template":"","meta":{"_acf_changed":false,"footnotes":""},"class_list":["post-2574","page","type-page","status-publish","hentry"],"acf":[],"yoast_head":"<!-- This site is optimized with the Yoast SEO plugin v27.5 - https:\/\/yoast.com\/product\/yoast-seo-wordpress\/ -->\n<title>Company - CHARV\u00c1T CTS a.s.<\/title>\n<meta name=\"robots\" content=\"index, follow, max-snippet:-1, max-image-preview:large, max-video-preview:-1\" \/>\n<link rel=\"canonical\" href=\"https:\/\/www.charvat-cts.cz\/en\/company\/\" \/>\n<meta property=\"og:locale\" content=\"en_US\" \/>\n<meta property=\"og:type\" content=\"article\" \/>\n<meta property=\"og:title\" content=\"Company - CHARV\u00c1T CTS a.s.\" \/>\n<meta property=\"og:description\" content=\"You can find basic information about the company CHARV\u00c1T CTS a.s. here, such as its history, news or current jobs. Introduction News Certifikacation History GDPR\" \/>\n<meta property=\"og:url\" content=\"https:\/\/www.charvat-cts.cz\/en\/company\/\" \/>\n<meta property=\"og:site_name\" content=\"CHARV\u00c1T CTS a.s.\" \/>\n<meta property=\"article:modified_time\" content=\"2024-05-07T18:11:16+00:00\" \/>\n<meta name=\"twitter:card\" content=\"summary_large_image\" \/>\n<meta name=\"twitter:label1\" content=\"Est. reading time\" \/>\n\t<meta name=\"twitter:data1\" content=\"1 minute\" \/>\n<script type=\"application\/ld+json\" class=\"yoast-schema-graph\">{\"@context\":\"https:\\\/\\\/schema.org\",\"@graph\":[{\"@type\":\"WebPage\",\"@id\":\"https:\\\/\\\/www.charvat-cts.cz\\\/en\\\/company\\\/\",\"url\":\"https:\\\/\\\/www.charvat-cts.cz\\\/en\\\/company\\\/\",\"name\":\"Company - CHARV\u00c1T CTS a.s.\",\"isPartOf\":{\"@id\":\"https:\\\/\\\/www.charvat-cts.cz\\\/#website\"},\"datePublished\":\"2016-03-31T15:51:24+00:00\",\"dateModified\":\"2024-05-07T18:11:16+00:00\",\"breadcrumb\":{\"@id\":\"https:\\\/\\\/www.charvat-cts.cz\\\/en\\\/company\\\/#breadcrumb\"},\"inLanguage\":\"en-US\",\"potentialAction\":[{\"@type\":\"ReadAction\",\"target\":[\"https:\\\/\\\/www.charvat-cts.cz\\\/en\\\/company\\\/\"]}]},{\"@type\":\"BreadcrumbList\",\"@id\":\"https:\\\/\\\/www.charvat-cts.cz\\\/en\\\/company\\\/#breadcrumb\",\"itemListElement\":[{\"@type\":\"ListItem\",\"position\":1,\"name\":\"\u00davod\",\"item\":\"https:\\\/\\\/www.charvat-cts.cz\\\/en\\\/\"},{\"@type\":\"ListItem\",\"position\":2,\"name\":\"Company\"}]},{\"@type\":\"WebSite\",\"@id\":\"https:\\\/\\\/www.charvat-cts.cz\\\/#website\",\"url\":\"https:\\\/\\\/www.charvat-cts.cz\\\/\",\"name\":\"CHARV\u00c1T CTS a.s.\",\"description\":\"Nosi\u010de kontejner\u016f, traktorov\u00e9 n\u00e1v\u011bsy, kontejnery, nakl\u00e1dac\u00ed je\u0159\u00e1by\",\"potentialAction\":[{\"@type\":\"SearchAction\",\"target\":{\"@type\":\"EntryPoint\",\"urlTemplate\":\"https:\\\/\\\/www.charvat-cts.cz\\\/?s={search_term_string}\"},\"query-input\":{\"@type\":\"PropertyValueSpecification\",\"valueRequired\":true,\"valueName\":\"search_term_string\"}}],\"inLanguage\":\"en-US\"}]}<\/script>\n<!-- \/ Yoast SEO plugin. -->","yoast_head_json":{"title":"Company - CHARV\u00c1T CTS a.s.","robots":{"index":"index","follow":"follow","max-snippet":"max-snippet:-1","max-image-preview":"max-image-preview:large","max-video-preview":"max-video-preview:-1"},"canonical":"https:\/\/www.charvat-cts.cz\/en\/company\/","og_locale":"en_US","og_type":"article","og_title":"Company - CHARV\u00c1T CTS a.s.","og_description":"You can find basic information about the company CHARV\u00c1T CTS a.s. here, such as its history, news or current jobs. Introduction News Certifikacation History GDPR","og_url":"https:\/\/www.charvat-cts.cz\/en\/company\/","og_site_name":"CHARV\u00c1T CTS a.s.","article_modified_time":"2024-05-07T18:11:16+00:00","twitter_card":"summary_large_image","twitter_misc":{"Est. reading time":"1 minute"},"schema":{"@context":"https:\/\/schema.org","@graph":[{"@type":"WebPage","@id":"https:\/\/www.charvat-cts.cz\/en\/company\/","url":"https:\/\/www.charvat-cts.cz\/en\/company\/","name":"Company - CHARV\u00c1T CTS a.s.","isPartOf":{"@id":"https:\/\/www.charvat-cts.cz\/#website"},"datePublished":"2016-03-31T15:51:24+00:00","dateModified":"2024-05-07T18:11:16+00:00","breadcrumb":{"@id":"https:\/\/www.charvat-cts.cz\/en\/company\/#breadcrumb"},"inLanguage":"en-US","potentialAction":[{"@type":"ReadAction","target":["https:\/\/www.charvat-cts.cz\/en\/company\/"]}]},{"@type":"BreadcrumbList","@id":"https:\/\/www.charvat-cts.cz\/en\/company\/#breadcrumb","itemListElement":[{"@type":"ListItem","position":1,"name":"\u00davod","item":"https:\/\/www.charvat-cts.cz\/en\/"},{"@type":"ListItem","position":2,"name":"Company"}]},{"@type":"WebSite","@id":"https:\/\/www.charvat-cts.cz\/#website","url":"https:\/\/www.charvat-cts.cz\/","name":"CHARV\u00c1T CTS a.s.","description":"Nosi\u010de kontejner\u016f, traktorov\u00e9 n\u00e1v\u011bsy, kontejnery, nakl\u00e1dac\u00ed je\u0159\u00e1by","potentialAction":[{"@type":"SearchAction","target":{"@type":"EntryPoint","urlTemplate":"https:\/\/www.charvat-cts.cz\/?s={search_term_string}"},"query-input":{"@type":"PropertyValueSpecification","valueRequired":true,"valueName":"search_term_string"}}],"inLanguage":"en-US"}]}},"_links":{"self":[{"href":"https:\/\/www.charvat-cts.cz\/en\/wp-json\/wp\/v2\/pages\/2574","targetHints":{"allow":["GET"]}}],"collection":[{"href":"https:\/\/www.charvat-cts.cz\/en\/wp-json\/wp\/v2\/pages"}],"about":[{"href":"https:\/\/www.charvat-cts.cz\/en\/wp-json\/wp\/v2\/types\/page"}],"author":[{"embeddable":true,"href":"https:\/\/www.charvat-cts.cz\/en\/wp-json\/wp\/v2\/users\/1"}],"replies":[{"embeddable":true,"href":"https:\/\/www.charvat-cts.cz\/en\/wp-json\/wp\/v2\/comments?post=2574"}],"version-history":[{"count":6,"href":"https:\/\/www.charvat-cts.cz\/en\/wp-json\/wp\/v2\/pages\/2574\/revisions"}],"predecessor-version":[{"id":6662,"href":"https:\/\/www.charvat-cts.cz\/en\/wp-json\/wp\/v2\/pages\/2574\/revisions\/6662"}],"wp:attachment":[{"href":"https:\/\/www.charvat-cts.cz\/en\/wp-json\/wp\/v2\/media?parent=2574"}],"curies":[{"name":"wp","href":"https:\/\/api.w.org\/{rel}","templated":true}]}}