{"id":2543,"date":"2016-04-19T22:01:01","date_gmt":"2016-04-19T21:01:01","guid":{"rendered":"http:\/\/www.charvat-cts.cz\/en\/kategorie\/"},"modified":"2016-06-28T17:53:02","modified_gmt":"2016-06-28T16:53:02","slug":"category","status":"publish","type":"page","link":"https:\/\/www.charvat-cts.cz\/en\/category\/","title":{"rendered":"Category"},"content":{"rendered":"","protected":false},"excerpt":{"rendered":"","protected":false},"author":1,"featured_media":0,"parent":0,"menu_order":0,"comment_status":"closed","ping_status":"closed","template":"kategorie.php","meta":{"_acf_changed":false,"footnotes":""},"class_list":["post-2543","page","type-page","status-publish","hentry"],"acf":[],"yoast_head":"<!-- This site is optimized with the Yoast SEO plugin v27.3 - https:\/\/yoast.com\/product\/yoast-seo-wordpress\/ -->\n<title>Category - CHARV\u00c1T CTS a.s.<\/title>\n<meta name=\"robots\" content=\"index, follow, max-snippet:-1, max-image-preview:large, max-video-preview:-1\" \/>\n<link rel=\"canonical\" href=\"https:\/\/www.charvat-cts.cz\/en\/category\/\" \/>\n<meta property=\"og:locale\" content=\"en_US\" \/>\n<meta property=\"og:type\" content=\"article\" \/>\n<meta property=\"og:title\" content=\"Category - CHARV\u00c1T CTS a.s.\" \/>\n<meta property=\"og:url\" content=\"https:\/\/www.charvat-cts.cz\/en\/category\/\" \/>\n<meta property=\"og:site_name\" content=\"CHARV\u00c1T CTS a.s.\" \/>\n<meta property=\"article:modified_time\" content=\"2016-06-28T16:53:02+00:00\" \/>\n<meta name=\"twitter:card\" content=\"summary_large_image\" \/>\n<script type=\"application\/ld+json\" class=\"yoast-schema-graph\">{\"@context\":\"https:\\\/\\\/schema.org\",\"@graph\":[{\"@type\":\"WebPage\",\"@id\":\"https:\\\/\\\/www.charvat-cts.cz\\\/en\\\/category\\\/\",\"url\":\"https:\\\/\\\/www.charvat-cts.cz\\\/en\\\/category\\\/\",\"name\":\"Category - CHARV\u00c1T CTS a.s.\",\"isPartOf\":{\"@id\":\"https:\\\/\\\/www.charvat-cts.cz\\\/#website\"},\"datePublished\":\"2016-04-19T21:01:01+00:00\",\"dateModified\":\"2016-06-28T16:53:02+00:00\",\"breadcrumb\":{\"@id\":\"https:\\\/\\\/www.charvat-cts.cz\\\/en\\\/category\\\/#breadcrumb\"},\"inLanguage\":\"en-US\",\"potentialAction\":[{\"@type\":\"ReadAction\",\"target\":[\"https:\\\/\\\/www.charvat-cts.cz\\\/en\\\/category\\\/\"]}]},{\"@type\":\"BreadcrumbList\",\"@id\":\"https:\\\/\\\/www.charvat-cts.cz\\\/en\\\/category\\\/#breadcrumb\",\"itemListElement\":[{\"@type\":\"ListItem\",\"position\":1,\"name\":\"\u00davod\",\"item\":\"https:\\\/\\\/www.charvat-cts.cz\\\/en\\\/\"},{\"@type\":\"ListItem\",\"position\":2,\"name\":\"Category\"}]},{\"@type\":\"WebSite\",\"@id\":\"https:\\\/\\\/www.charvat-cts.cz\\\/#website\",\"url\":\"https:\\\/\\\/www.charvat-cts.cz\\\/\",\"name\":\"CHARV\u00c1T CTS a.s.\",\"description\":\"Nosi\u010de kontejner\u016f, traktorov\u00e9 n\u00e1v\u011bsy, kontejnery, nakl\u00e1dac\u00ed je\u0159\u00e1by\",\"potentialAction\":[{\"@type\":\"SearchAction\",\"target\":{\"@type\":\"EntryPoint\",\"urlTemplate\":\"https:\\\/\\\/www.charvat-cts.cz\\\/?s={search_term_string}\"},\"query-input\":{\"@type\":\"PropertyValueSpecification\",\"valueRequired\":true,\"valueName\":\"search_term_string\"}}],\"inLanguage\":\"en-US\"}]}<\/script>\n<!-- \/ Yoast SEO plugin. -->","yoast_head_json":{"title":"Category - CHARV\u00c1T CTS a.s.","robots":{"index":"index","follow":"follow","max-snippet":"max-snippet:-1","max-image-preview":"max-image-preview:large","max-video-preview":"max-video-preview:-1"},"canonical":"https:\/\/www.charvat-cts.cz\/en\/category\/","og_locale":"en_US","og_type":"article","og_title":"Category - CHARV\u00c1T CTS a.s.","og_url":"https:\/\/www.charvat-cts.cz\/en\/category\/","og_site_name":"CHARV\u00c1T CTS a.s.","article_modified_time":"2016-06-28T16:53:02+00:00","twitter_card":"summary_large_image","schema":{"@context":"https:\/\/schema.org","@graph":[{"@type":"WebPage","@id":"https:\/\/www.charvat-cts.cz\/en\/category\/","url":"https:\/\/www.charvat-cts.cz\/en\/category\/","name":"Category - CHARV\u00c1T CTS a.s.","isPartOf":{"@id":"https:\/\/www.charvat-cts.cz\/#website"},"datePublished":"2016-04-19T21:01:01+00:00","dateModified":"2016-06-28T16:53:02+00:00","breadcrumb":{"@id":"https:\/\/www.charvat-cts.cz\/en\/category\/#breadcrumb"},"inLanguage":"en-US","potentialAction":[{"@type":"ReadAction","target":["https:\/\/www.charvat-cts.cz\/en\/category\/"]}]},{"@type":"BreadcrumbList","@id":"https:\/\/www.charvat-cts.cz\/en\/category\/#breadcrumb","itemListElement":[{"@type":"ListItem","position":1,"name":"\u00davod","item":"https:\/\/www.charvat-cts.cz\/en\/"},{"@type":"ListItem","position":2,"name":"Category"}]},{"@type":"WebSite","@id":"https:\/\/www.charvat-cts.cz\/#website","url":"https:\/\/www.charvat-cts.cz\/","name":"CHARV\u00c1T CTS a.s.","description":"Nosi\u010de kontejner\u016f, traktorov\u00e9 n\u00e1v\u011bsy, kontejnery, nakl\u00e1dac\u00ed je\u0159\u00e1by","potentialAction":[{"@type":"SearchAction","target":{"@type":"EntryPoint","urlTemplate":"https:\/\/www.charvat-cts.cz\/?s={search_term_string}"},"query-input":{"@type":"PropertyValueSpecification","valueRequired":true,"valueName":"search_term_string"}}],"inLanguage":"en-US"}]}},"_links":{"self":[{"href":"https:\/\/www.charvat-cts.cz\/en\/wp-json\/wp\/v2\/pages\/2543","targetHints":{"allow":["GET"]}}],"collection":[{"href":"https:\/\/www.charvat-cts.cz\/en\/wp-json\/wp\/v2\/pages"}],"about":[{"href":"https:\/\/www.charvat-cts.cz\/en\/wp-json\/wp\/v2\/types\/page"}],"author":[{"embeddable":true,"href":"https:\/\/www.charvat-cts.cz\/en\/wp-json\/wp\/v2\/users\/1"}],"replies":[{"embeddable":true,"href":"https:\/\/www.charvat-cts.cz\/en\/wp-json\/wp\/v2\/comments?post=2543"}],"version-history":[{"count":1,"href":"https:\/\/www.charvat-cts.cz\/en\/wp-json\/wp\/v2\/pages\/2543\/revisions"}],"predecessor-version":[{"id":2549,"href":"https:\/\/www.charvat-cts.cz\/en\/wp-json\/wp\/v2\/pages\/2543\/revisions\/2549"}],"wp:attachment":[{"href":"https:\/\/www.charvat-cts.cz\/en\/wp-json\/wp\/v2\/media?parent=2543"}],"curies":[{"name":"wp","href":"https:\/\/api.w.org\/{rel}","templated":true}]}}