{"id":2515,"date":"2016-03-31T16:46:06","date_gmt":"2016-03-31T15:46:06","guid":{"rendered":"http:\/\/www.charvat-cts.cz\/en\/certifikace\/"},"modified":"2025-01-30T16:01:58","modified_gmt":"2025-01-30T15:01:58","slug":"certifikacation","status":"publish","type":"page","link":"https:\/\/www.charvat-cts.cz\/en\/certifikacation\/","title":{"rendered":"Certification"},"content":{"rendered":"<p align=\"left\"><strong>Production quality<\/strong><\/p>\n<ul>\n<li>Certifikacation according to ISO 9001<\/li>\n<li>All products tested and approved according to requirements of European standard, carrying the CE mark.<\/li>\n<\/ul>\n<h2>Download<\/h2>\n<ul>\n<li><a href=\"https:\/\/www.charvat-cts.cz\/wp-content\/uploads\/Certificate_ISO-9001-2015_2023-12_EN.pdf\">Certificate ISO 9001:2015<\/a><\/li>\n<li><a href=\"https:\/\/www.charvat-cts.cz\/wp-content\/uploads\/Osvedceni_COS_AJ_2023.pdf\">Certificate_AQAP<\/a><\/li>\n<li><a href=\"https:\/\/www.charvat-cts.cz\/wp-content\/uploads\/Certifikat-CSN-EN-ISO-3834-2_EN_2025-01.pdf\">Certificate_\u010cSN EN ISO 3834-2<\/a><\/li>\n<li><a href=\"https:\/\/www.charvat-cts.cz\/wp-content\/uploads\/Certifikat-CSN-EN-15085-2_2024-12_EN.pdf\">Certificate_\u010cSN EN 15 085-2_CL2<\/a><\/li>\n<\/ul>\n<p><img loading=\"lazy\" decoding=\"async\" class=\"alignnone size-full wp-image-3790\" src=\"http:\/\/www.charvat-cts.cz\/wp-content\/uploads\/loga.png\" alt=\"\" width=\"960\" height=\"90\" srcset=\"https:\/\/www.charvat-cts.cz\/wp-content\/uploads\/loga.png 960w, https:\/\/www.charvat-cts.cz\/wp-content\/uploads\/loga-300x28.png 300w\" sizes=\"auto, (max-width: 960px) 100vw, 960px\" \/><\/p>\n","protected":false},"excerpt":{"rendered":"<p>Production quality Certifikacation according to ISO 9001 All products tested and approved according to requirements of European standard, carrying the CE mark. Download Certificate ISO 9001:2015 Certificate_AQAP Certificate_\u010cSN EN ISO 3834-2 Certificate_\u010cSN EN 15 085-2_CL2<\/p>\n","protected":false},"author":1,"featured_media":0,"parent":0,"menu_order":0,"comment_status":"closed","ping_status":"closed","template":"","meta":{"_acf_changed":false,"footnotes":""},"class_list":["post-2515","page","type-page","status-publish","hentry"],"acf":[],"yoast_head":"<!-- This site is optimized with the Yoast SEO plugin v27.5 - https:\/\/yoast.com\/product\/yoast-seo-wordpress\/ -->\n<title>Certification - CHARV\u00c1T CTS a.s.<\/title>\n<meta name=\"robots\" content=\"index, follow, max-snippet:-1, max-image-preview:large, max-video-preview:-1\" \/>\n<link rel=\"canonical\" href=\"https:\/\/www.charvat-cts.cz\/en\/certifikacation\/\" \/>\n<meta property=\"og:locale\" content=\"en_US\" \/>\n<meta property=\"og:type\" content=\"article\" \/>\n<meta property=\"og:title\" content=\"Certification - CHARV\u00c1T CTS a.s.\" \/>\n<meta property=\"og:description\" content=\"Production quality Certifikacation according to ISO 9001 All products tested and approved according to requirements of European standard, carrying the CE mark. Download Certificate ISO 9001:2015 Certificate_AQAP Certificate_\u010cSN EN ISO 3834-2 Certificate_\u010cSN EN 15 085-2_CL2\" \/>\n<meta property=\"og:url\" content=\"https:\/\/www.charvat-cts.cz\/en\/certifikacation\/\" \/>\n<meta property=\"og:site_name\" content=\"CHARV\u00c1T CTS a.s.\" \/>\n<meta property=\"article:modified_time\" content=\"2025-01-30T15:01:58+00:00\" \/>\n<meta property=\"og:image\" content=\"https:\/\/www.charvat-cts.cz\/wp-content\/uploads\/loga.png\" \/>\n\t<meta property=\"og:image:width\" content=\"960\" \/>\n\t<meta property=\"og:image:height\" content=\"90\" \/>\n\t<meta property=\"og:image:type\" content=\"image\/png\" \/>\n<meta name=\"twitter:card\" content=\"summary_large_image\" \/>\n<meta name=\"twitter:label1\" content=\"Est. reading time\" \/>\n\t<meta name=\"twitter:data1\" content=\"1 minute\" \/>\n<script type=\"application\/ld+json\" class=\"yoast-schema-graph\">{\"@context\":\"https:\\\/\\\/schema.org\",\"@graph\":[{\"@type\":\"WebPage\",\"@id\":\"https:\\\/\\\/www.charvat-cts.cz\\\/en\\\/certifikacation\\\/\",\"url\":\"https:\\\/\\\/www.charvat-cts.cz\\\/en\\\/certifikacation\\\/\",\"name\":\"Certification - CHARV\u00c1T CTS a.s.\",\"isPartOf\":{\"@id\":\"https:\\\/\\\/www.charvat-cts.cz\\\/#website\"},\"primaryImageOfPage\":{\"@id\":\"https:\\\/\\\/www.charvat-cts.cz\\\/en\\\/certifikacation\\\/#primaryimage\"},\"image\":{\"@id\":\"https:\\\/\\\/www.charvat-cts.cz\\\/en\\\/certifikacation\\\/#primaryimage\"},\"thumbnailUrl\":\"http:\\\/\\\/www.charvat-cts.cz\\\/wp-content\\\/uploads\\\/loga.png\",\"datePublished\":\"2016-03-31T15:46:06+00:00\",\"dateModified\":\"2025-01-30T15:01:58+00:00\",\"breadcrumb\":{\"@id\":\"https:\\\/\\\/www.charvat-cts.cz\\\/en\\\/certifikacation\\\/#breadcrumb\"},\"inLanguage\":\"en-US\",\"potentialAction\":[{\"@type\":\"ReadAction\",\"target\":[\"https:\\\/\\\/www.charvat-cts.cz\\\/en\\\/certifikacation\\\/\"]}]},{\"@type\":\"ImageObject\",\"inLanguage\":\"en-US\",\"@id\":\"https:\\\/\\\/www.charvat-cts.cz\\\/en\\\/certifikacation\\\/#primaryimage\",\"url\":\"http:\\\/\\\/www.charvat-cts.cz\\\/wp-content\\\/uploads\\\/loga.png\",\"contentUrl\":\"http:\\\/\\\/www.charvat-cts.cz\\\/wp-content\\\/uploads\\\/loga.png\"},{\"@type\":\"BreadcrumbList\",\"@id\":\"https:\\\/\\\/www.charvat-cts.cz\\\/en\\\/certifikacation\\\/#breadcrumb\",\"itemListElement\":[{\"@type\":\"ListItem\",\"position\":1,\"name\":\"\u00davod\",\"item\":\"https:\\\/\\\/www.charvat-cts.cz\\\/en\\\/\"},{\"@type\":\"ListItem\",\"position\":2,\"name\":\"Certification\"}]},{\"@type\":\"WebSite\",\"@id\":\"https:\\\/\\\/www.charvat-cts.cz\\\/#website\",\"url\":\"https:\\\/\\\/www.charvat-cts.cz\\\/\",\"name\":\"CHARV\u00c1T CTS a.s.\",\"description\":\"Nosi\u010de kontejner\u016f, traktorov\u00e9 n\u00e1v\u011bsy, kontejnery, nakl\u00e1dac\u00ed je\u0159\u00e1by\",\"potentialAction\":[{\"@type\":\"SearchAction\",\"target\":{\"@type\":\"EntryPoint\",\"urlTemplate\":\"https:\\\/\\\/www.charvat-cts.cz\\\/?s={search_term_string}\"},\"query-input\":{\"@type\":\"PropertyValueSpecification\",\"valueRequired\":true,\"valueName\":\"search_term_string\"}}],\"inLanguage\":\"en-US\"}]}<\/script>\n<!-- \/ Yoast SEO plugin. -->","yoast_head_json":{"title":"Certification - CHARV\u00c1T CTS a.s.","robots":{"index":"index","follow":"follow","max-snippet":"max-snippet:-1","max-image-preview":"max-image-preview:large","max-video-preview":"max-video-preview:-1"},"canonical":"https:\/\/www.charvat-cts.cz\/en\/certifikacation\/","og_locale":"en_US","og_type":"article","og_title":"Certification - CHARV\u00c1T CTS a.s.","og_description":"Production quality Certifikacation according to ISO 9001 All products tested and approved according to requirements of European standard, carrying the CE mark. Download Certificate ISO 9001:2015 Certificate_AQAP Certificate_\u010cSN EN ISO 3834-2 Certificate_\u010cSN EN 15 085-2_CL2","og_url":"https:\/\/www.charvat-cts.cz\/en\/certifikacation\/","og_site_name":"CHARV\u00c1T CTS a.s.","article_modified_time":"2025-01-30T15:01:58+00:00","og_image":[{"width":960,"height":90,"url":"https:\/\/www.charvat-cts.cz\/wp-content\/uploads\/loga.png","type":"image\/png"}],"twitter_card":"summary_large_image","twitter_misc":{"Est. reading time":"1 minute"},"schema":{"@context":"https:\/\/schema.org","@graph":[{"@type":"WebPage","@id":"https:\/\/www.charvat-cts.cz\/en\/certifikacation\/","url":"https:\/\/www.charvat-cts.cz\/en\/certifikacation\/","name":"Certification - CHARV\u00c1T CTS a.s.","isPartOf":{"@id":"https:\/\/www.charvat-cts.cz\/#website"},"primaryImageOfPage":{"@id":"https:\/\/www.charvat-cts.cz\/en\/certifikacation\/#primaryimage"},"image":{"@id":"https:\/\/www.charvat-cts.cz\/en\/certifikacation\/#primaryimage"},"thumbnailUrl":"http:\/\/www.charvat-cts.cz\/wp-content\/uploads\/loga.png","datePublished":"2016-03-31T15:46:06+00:00","dateModified":"2025-01-30T15:01:58+00:00","breadcrumb":{"@id":"https:\/\/www.charvat-cts.cz\/en\/certifikacation\/#breadcrumb"},"inLanguage":"en-US","potentialAction":[{"@type":"ReadAction","target":["https:\/\/www.charvat-cts.cz\/en\/certifikacation\/"]}]},{"@type":"ImageObject","inLanguage":"en-US","@id":"https:\/\/www.charvat-cts.cz\/en\/certifikacation\/#primaryimage","url":"http:\/\/www.charvat-cts.cz\/wp-content\/uploads\/loga.png","contentUrl":"http:\/\/www.charvat-cts.cz\/wp-content\/uploads\/loga.png"},{"@type":"BreadcrumbList","@id":"https:\/\/www.charvat-cts.cz\/en\/certifikacation\/#breadcrumb","itemListElement":[{"@type":"ListItem","position":1,"name":"\u00davod","item":"https:\/\/www.charvat-cts.cz\/en\/"},{"@type":"ListItem","position":2,"name":"Certification"}]},{"@type":"WebSite","@id":"https:\/\/www.charvat-cts.cz\/#website","url":"https:\/\/www.charvat-cts.cz\/","name":"CHARV\u00c1T CTS a.s.","description":"Nosi\u010de kontejner\u016f, traktorov\u00e9 n\u00e1v\u011bsy, kontejnery, nakl\u00e1dac\u00ed je\u0159\u00e1by","potentialAction":[{"@type":"SearchAction","target":{"@type":"EntryPoint","urlTemplate":"https:\/\/www.charvat-cts.cz\/?s={search_term_string}"},"query-input":{"@type":"PropertyValueSpecification","valueRequired":true,"valueName":"search_term_string"}}],"inLanguage":"en-US"}]}},"_links":{"self":[{"href":"https:\/\/www.charvat-cts.cz\/en\/wp-json\/wp\/v2\/pages\/2515","targetHints":{"allow":["GET"]}}],"collection":[{"href":"https:\/\/www.charvat-cts.cz\/en\/wp-json\/wp\/v2\/pages"}],"about":[{"href":"https:\/\/www.charvat-cts.cz\/en\/wp-json\/wp\/v2\/types\/page"}],"author":[{"embeddable":true,"href":"https:\/\/www.charvat-cts.cz\/en\/wp-json\/wp\/v2\/users\/1"}],"replies":[{"embeddable":true,"href":"https:\/\/www.charvat-cts.cz\/en\/wp-json\/wp\/v2\/comments?post=2515"}],"version-history":[{"count":22,"href":"https:\/\/www.charvat-cts.cz\/en\/wp-json\/wp\/v2\/pages\/2515\/revisions"}],"predecessor-version":[{"id":6945,"href":"https:\/\/www.charvat-cts.cz\/en\/wp-json\/wp\/v2\/pages\/2515\/revisions\/6945"}],"wp:attachment":[{"href":"https:\/\/www.charvat-cts.cz\/en\/wp-json\/wp\/v2\/media?parent=2515"}],"curies":[{"name":"wp","href":"https:\/\/api.w.org\/{rel}","templated":true}]}}