{"id":2486,"date":"2016-03-31T16:46:06","date_gmt":"2016-03-31T15:46:06","guid":{"rendered":"http:\/\/www.charvat-cts.cz\/de\/predstaveni\/"},"modified":"2023-07-10T07:16:51","modified_gmt":"2023-07-10T06:16:51","slug":"vorstellung","status":"publish","type":"page","link":"https:\/\/www.charvat-cts.cz\/de\/vorstellung\/","title":{"rendered":"Vorstellung"},"content":{"rendered":"<p><img loading=\"lazy\" decoding=\"async\" class=\"size-medium wp-image-2030 alignright\" src=\"http:\/\/www.charvat-cts.cz\/wp-content\/uploads\/CHARV\u00c1T-CTS_2015-300x169.jpg\" alt=\"DCIM100GOPRO\" width=\"300\" height=\"169\" srcset=\"https:\/\/www.charvat-cts.cz\/wp-content\/uploads\/CHARV\u00c1T-CTS_2015-300x169.jpg 300w, https:\/\/www.charvat-cts.cz\/wp-content\/uploads\/CHARV\u00c1T-CTS_2015-1024x578.jpg 1024w, https:\/\/www.charvat-cts.cz\/wp-content\/uploads\/CHARV\u00c1T-CTS_2015.jpg 2000w\" sizes=\"auto, (max-width: 300px) 100vw, 300px\" \/>Die Firma CHARV\u00c1T CTS a.s. ist ein Maschinenbaubetrieb mit mehr als 60-j\u00e4hriger Tradition. Stammprodukte der Herstellung sind Knick- und Teleskop-Containerwechselsysteme und Container der eigenen Konstruktion, die f\u00fcr die Fahrzeugkategorien N1, N2, N3 bestimmt sind. Diese Containerwechselsysteme der eigenen Konstruktion sind nicht nur in der Tschechischen Republik, sonder auch in der Slowakei sehr beliebt. Gleichzeitig exportiert CHARV\u00c1T CTS a.s. diese Containerwechselsysteme in eine Reihe von europ\u00e4ischen L\u00e4ndern.<\/p>\n<p>Firma CHARV\u00c1T CTS a.s. ist auch ein bedeutender Lieferant der Transporttechnik f\u00fcr die tschechische Armee und weiter f\u00fcr die Armeen von Indonesien und Malaysia. Gegenstand der Lieferungen f\u00fcr die Armee sind die schon oben erw\u00e4hnten Containerwechselsysteme und Container und weiterhin Transportplattformen f\u00fcr schwere Panzertechnik.<\/p>\n","protected":false},"excerpt":{"rendered":"<p>Die Firma CHARV\u00c1T CTS a.s. ist ein Maschinenbaubetrieb mit mehr als 60-j\u00e4hriger Tradition. Stammprodukte der Herstellung sind Knick- und Teleskop-Containerwechselsysteme und Container der eigenen Konstruktion, die f\u00fcr die Fahrzeugkategorien N1, N2, N3 bestimmt sind. Diese Containerwechselsysteme der eigenen Konstruktion sind nicht nur in der Tschechischen Republik, sonder auch in der Slowakei sehr beliebt. Gleichzeitig exportiert [&hellip;]<\/p>\n","protected":false},"author":1,"featured_media":0,"parent":0,"menu_order":0,"comment_status":"closed","ping_status":"closed","template":"","meta":{"_acf_changed":false,"footnotes":""},"class_list":["post-2486","page","type-page","status-publish","hentry"],"acf":[],"yoast_head":"<!-- This site is optimized with the Yoast SEO plugin v27.5 - https:\/\/yoast.com\/product\/yoast-seo-wordpress\/ -->\n<title>Vorstellung - CHARV\u00c1T CTS a.s.<\/title>\n<meta name=\"robots\" content=\"index, follow, max-snippet:-1, max-image-preview:large, max-video-preview:-1\" \/>\n<link rel=\"canonical\" href=\"https:\/\/www.charvat-cts.cz\/de\/vorstellung\/\" \/>\n<meta property=\"og:locale\" content=\"de_DE\" \/>\n<meta property=\"og:type\" content=\"article\" \/>\n<meta property=\"og:title\" content=\"Vorstellung - CHARV\u00c1T CTS a.s.\" \/>\n<meta property=\"og:description\" content=\"Die Firma CHARV\u00c1T CTS a.s. ist ein Maschinenbaubetrieb mit mehr als 60-j\u00e4hriger Tradition. Stammprodukte der Herstellung sind Knick- und Teleskop-Containerwechselsysteme und Container der eigenen Konstruktion, die f\u00fcr die Fahrzeugkategorien N1, N2, N3 bestimmt sind. Diese Containerwechselsysteme der eigenen Konstruktion sind nicht nur in der Tschechischen Republik, sonder auch in der Slowakei sehr beliebt. Gleichzeitig exportiert [&hellip;]\" \/>\n<meta property=\"og:url\" content=\"https:\/\/www.charvat-cts.cz\/de\/vorstellung\/\" \/>\n<meta property=\"og:site_name\" content=\"CHARV\u00c1T CTS a.s.\" \/>\n<meta property=\"article:modified_time\" content=\"2023-07-10T06:16:51+00:00\" \/>\n<meta name=\"twitter:card\" content=\"summary_large_image\" \/>\n<meta name=\"twitter:label1\" content=\"Gesch\u00e4tzte Lesezeit\" \/>\n\t<meta name=\"twitter:data1\" content=\"1\u00a0Minute\" \/>\n<script type=\"application\/ld+json\" class=\"yoast-schema-graph\">{\"@context\":\"https:\\\/\\\/schema.org\",\"@graph\":[{\"@type\":\"WebPage\",\"@id\":\"https:\\\/\\\/www.charvat-cts.cz\\\/de\\\/vorstellung\\\/\",\"url\":\"https:\\\/\\\/www.charvat-cts.cz\\\/de\\\/vorstellung\\\/\",\"name\":\"Vorstellung - CHARV\u00c1T CTS a.s.\",\"isPartOf\":{\"@id\":\"https:\\\/\\\/www.charvat-cts.cz\\\/#website\"},\"datePublished\":\"2016-03-31T15:46:06+00:00\",\"dateModified\":\"2023-07-10T06:16:51+00:00\",\"breadcrumb\":{\"@id\":\"https:\\\/\\\/www.charvat-cts.cz\\\/de\\\/vorstellung\\\/#breadcrumb\"},\"inLanguage\":\"de\",\"potentialAction\":[{\"@type\":\"ReadAction\",\"target\":[\"https:\\\/\\\/www.charvat-cts.cz\\\/de\\\/vorstellung\\\/\"]}]},{\"@type\":\"BreadcrumbList\",\"@id\":\"https:\\\/\\\/www.charvat-cts.cz\\\/de\\\/vorstellung\\\/#breadcrumb\",\"itemListElement\":[{\"@type\":\"ListItem\",\"position\":1,\"name\":\"\u00davod\",\"item\":\"https:\\\/\\\/www.charvat-cts.cz\\\/de\\\/\"},{\"@type\":\"ListItem\",\"position\":2,\"name\":\"Vorstellung\"}]},{\"@type\":\"WebSite\",\"@id\":\"https:\\\/\\\/www.charvat-cts.cz\\\/#website\",\"url\":\"https:\\\/\\\/www.charvat-cts.cz\\\/\",\"name\":\"CHARV\u00c1T CTS a.s.\",\"description\":\"Nosi\u010de kontejner\u016f, traktorov\u00e9 n\u00e1v\u011bsy, kontejnery, nakl\u00e1dac\u00ed je\u0159\u00e1by\",\"potentialAction\":[{\"@type\":\"SearchAction\",\"target\":{\"@type\":\"EntryPoint\",\"urlTemplate\":\"https:\\\/\\\/www.charvat-cts.cz\\\/?s={search_term_string}\"},\"query-input\":{\"@type\":\"PropertyValueSpecification\",\"valueRequired\":true,\"valueName\":\"search_term_string\"}}],\"inLanguage\":\"de\"}]}<\/script>\n<!-- \/ Yoast SEO plugin. -->","yoast_head_json":{"title":"Vorstellung - CHARV\u00c1T CTS a.s.","robots":{"index":"index","follow":"follow","max-snippet":"max-snippet:-1","max-image-preview":"max-image-preview:large","max-video-preview":"max-video-preview:-1"},"canonical":"https:\/\/www.charvat-cts.cz\/de\/vorstellung\/","og_locale":"de_DE","og_type":"article","og_title":"Vorstellung - CHARV\u00c1T CTS a.s.","og_description":"Die Firma CHARV\u00c1T CTS a.s. ist ein Maschinenbaubetrieb mit mehr als 60-j\u00e4hriger Tradition. Stammprodukte der Herstellung sind Knick- und Teleskop-Containerwechselsysteme und Container der eigenen Konstruktion, die f\u00fcr die Fahrzeugkategorien N1, N2, N3 bestimmt sind. Diese Containerwechselsysteme der eigenen Konstruktion sind nicht nur in der Tschechischen Republik, sonder auch in der Slowakei sehr beliebt. Gleichzeitig exportiert [&hellip;]","og_url":"https:\/\/www.charvat-cts.cz\/de\/vorstellung\/","og_site_name":"CHARV\u00c1T CTS a.s.","article_modified_time":"2023-07-10T06:16:51+00:00","twitter_card":"summary_large_image","twitter_misc":{"Gesch\u00e4tzte Lesezeit":"1\u00a0Minute"},"schema":{"@context":"https:\/\/schema.org","@graph":[{"@type":"WebPage","@id":"https:\/\/www.charvat-cts.cz\/de\/vorstellung\/","url":"https:\/\/www.charvat-cts.cz\/de\/vorstellung\/","name":"Vorstellung - CHARV\u00c1T CTS a.s.","isPartOf":{"@id":"https:\/\/www.charvat-cts.cz\/#website"},"datePublished":"2016-03-31T15:46:06+00:00","dateModified":"2023-07-10T06:16:51+00:00","breadcrumb":{"@id":"https:\/\/www.charvat-cts.cz\/de\/vorstellung\/#breadcrumb"},"inLanguage":"de","potentialAction":[{"@type":"ReadAction","target":["https:\/\/www.charvat-cts.cz\/de\/vorstellung\/"]}]},{"@type":"BreadcrumbList","@id":"https:\/\/www.charvat-cts.cz\/de\/vorstellung\/#breadcrumb","itemListElement":[{"@type":"ListItem","position":1,"name":"\u00davod","item":"https:\/\/www.charvat-cts.cz\/de\/"},{"@type":"ListItem","position":2,"name":"Vorstellung"}]},{"@type":"WebSite","@id":"https:\/\/www.charvat-cts.cz\/#website","url":"https:\/\/www.charvat-cts.cz\/","name":"CHARV\u00c1T CTS a.s.","description":"Nosi\u010de kontejner\u016f, traktorov\u00e9 n\u00e1v\u011bsy, kontejnery, nakl\u00e1dac\u00ed je\u0159\u00e1by","potentialAction":[{"@type":"SearchAction","target":{"@type":"EntryPoint","urlTemplate":"https:\/\/www.charvat-cts.cz\/?s={search_term_string}"},"query-input":{"@type":"PropertyValueSpecification","valueRequired":true,"valueName":"search_term_string"}}],"inLanguage":"de"}]}},"_links":{"self":[{"href":"https:\/\/www.charvat-cts.cz\/de\/wp-json\/wp\/v2\/pages\/2486","targetHints":{"allow":["GET"]}}],"collection":[{"href":"https:\/\/www.charvat-cts.cz\/de\/wp-json\/wp\/v2\/pages"}],"about":[{"href":"https:\/\/www.charvat-cts.cz\/de\/wp-json\/wp\/v2\/types\/page"}],"author":[{"embeddable":true,"href":"https:\/\/www.charvat-cts.cz\/de\/wp-json\/wp\/v2\/users\/1"}],"replies":[{"embeddable":true,"href":"https:\/\/www.charvat-cts.cz\/de\/wp-json\/wp\/v2\/comments?post=2486"}],"version-history":[{"count":3,"href":"https:\/\/www.charvat-cts.cz\/de\/wp-json\/wp\/v2\/pages\/2486\/revisions"}],"predecessor-version":[{"id":6197,"href":"https:\/\/www.charvat-cts.cz\/de\/wp-json\/wp\/v2\/pages\/2486\/revisions\/6197"}],"wp:attachment":[{"href":"https:\/\/www.charvat-cts.cz\/de\/wp-json\/wp\/v2\/media?parent=2486"}],"curies":[{"name":"wp","href":"https:\/\/api.w.org\/{rel}","templated":true}]}}